{"id":2363,"date":"2019-11-22T12:10:18","date_gmt":"2019-11-22T11:10:18","guid":{"rendered":"https:\/\/planealia.net\/mid024\/?page_id=2363"},"modified":"2024-02-28T18:27:16","modified_gmt":"2024-02-28T17:27:16","slug":"politicaprivacidad","status":"publish","type":"page","link":"https:\/\/internationalhighschoolfair.com\/es\/politicaprivacidad\/","title":{"rendered":"Pol\u00edtica de Privacidad"},"content":{"rendered":"[vc_row type=\u00bbin_container\u00bb full_screen_row_position=\u00bbmiddle\u00bb column_margin=\u00bbdefault\u00bb column_direction=\u00bbdefault\u00bb column_direction_tablet=\u00bbdefault\u00bb column_direction_phone=\u00bbdefault\u00bb scene_position=\u00bbcenter\u00bb text_color=\u00bbdark\u00bb text_align=\u00bbleft\u00bb row_border_radius=\u00bbnone\u00bb row_border_radius_applies=\u00bbbg\u00bb overflow=\u00bbdefault\u00bb overlay_strength=\u00bb0.3&#8243; gradient_direction=\u00bbleft_to_right\u00bb shape_divider_position=\u00bbbottom\u00bb bg_image_animation=\u00bbnone\u00bb full_width=\u00bbstretch_row\u00bb css=\u00bb.vc_custom_1573343415862{padding-top: 47px !important;padding-bottom: 47px !important;}\u00bb][vc_column column_padding=\u00bbno-extra-padding\u00bb column_padding_tablet=\u00bbinherit\u00bb column_padding_phone=\u00bbinherit\u00bb column_padding_position=\u00bball\u00bb column_element_direction_desktop=\u00bbdefault\u00bb column_element_spacing=\u00bbdefault\u00bb desktop_text_alignment=\u00bbdefault\u00bb tablet_text_alignment=\u00bbdefault\u00bb phone_text_alignment=\u00bbdefault\u00bb background_color_opacity=\u00bb1&#8243; background_hover_color_opacity=\u00bb1&#8243; column_backdrop_filter=\u00bbnone\u00bb column_shadow=\u00bbnone\u00bb column_border_radius=\u00bbnone\u00bb column_link_target=\u00bb_self\u00bb column_position=\u00bbdefault\u00bb overflow=\u00bbdefault\u00bb gradient_direction=\u00bbleft_to_right\u00bb overlay_strength=\u00bb0.3&#8243; width=\u00bb1\/6&#8243; tablet_width_inherit=\u00bbdefault\u00bb animation_type=\u00bbdefault\u00bb bg_image_animation=\u00bbnone\u00bb border_type=\u00bbsimple\u00bb column_border_width=\u00bbnone\u00bb column_border_style=\u00bbsolid\u00bb css=\u00bb.vc_custom_1573388221458{padding-bottom: 14px !important;}\u00bb][vc_column_text css=\u00bb.vc_custom_1694195439541{margin-top: 0px !important;margin-bottom: 0px !important;padding-top: 10px !important;padding-bottom: 10px !important;}\u00bb]\n<h2 style=\"text-align: center;\">Pol\u00edtica <span style=\"color: #019490;\"><strong>Privacidad<\/strong><\/span><\/h2>\n[\/vc_column_text][\/vc_column][vc_column column_padding=\u00bbno-extra-padding\u00bb column_padding_tablet=\u00bbinherit\u00bb column_padding_phone=\u00bbinherit\u00bb column_padding_position=\u00bball\u00bb column_element_direction_desktop=\u00bbdefault\u00bb column_element_spacing=\u00bbdefault\u00bb desktop_text_alignment=\u00bbdefault\u00bb tablet_text_alignment=\u00bbdefault\u00bb phone_text_alignment=\u00bbdefault\u00bb background_color_opacity=\u00bb1&#8243; background_hover_color_opacity=\u00bb1&#8243; column_backdrop_filter=\u00bbnone\u00bb column_shadow=\u00bbnone\u00bb column_border_radius=\u00bbnone\u00bb column_link_target=\u00bb_self\u00bb column_position=\u00bbdefault\u00bb overflow=\u00bbdefault\u00bb gradient_direction=\u00bbleft_to_right\u00bb overlay_strength=\u00bb0.3&#8243; width=\u00bb3\/4&#8243; tablet_width_inherit=\u00bbdefault\u00bb animation_type=\u00bbdefault\u00bb bg_image_animation=\u00bbnone\u00bb border_type=\u00bbsimple\u00bb column_border_width=\u00bbnone\u00bb column_border_style=\u00bbsolid\u00bb css=\u00bb.vc_custom_1573840478140{padding-top: 27px !important;padding-right: 27px !important;padding-bottom: 27px !important;padding-left: 27px !important;background-color: #f5f5f5 !important;}\u00bb][vc_column_text css=\u00bb.vc_custom_1694195450544{margin-top: 0px !important;margin-bottom: 0px !important;padding-top: 10px !important;padding-bottom: 10px !important;}\u00bb]\n<h4 style=\"text-align: left;\"><span style=\"color: #019490;\"><strong>Pol\u00edtica de protecci\u00f3n de datos<\/strong><\/span><\/h4>\n[\/vc_column_text][vc_column_text]En cumplimiento del Reglamento de la Uni\u00f3n Europea 2016\/679, de 27 de abril, de protecci\u00f3n de datos personales, le informamos de lo siguiente:<\/p>\n<p><strong>1.- Empresa responsable del tratamiento de los datos<\/strong><\/p>\n<p>La empresa responsable del tratamiento de datos es GET MIDLETON READY, S.L. , Calle de Recoletos 5, 1\u00ba Derecha, 28001 MADRID, n\u00famero de identificaci\u00f3n fiscal B80501851, correo electr\u00f3nico info@midletonschool.com. En adelante, el Responsable.<\/p>\n<p><strong>2.- Finalidad del tratamiento<\/strong><\/p>\n<p>El Responsable tratar\u00e1 los datos personales del cliente que sean necesarios para el fin de cumplir con el Programa contratado, siendo contractual la base jur\u00eddica de este tratamiento. Al firmar el contrato el cliente autoriza expresamente el tratamiento de sus datos.<\/p>\n<p>En el caso de que el cliente proporcionara al Responsable datos de salud, consiente expresamente en que tales \u00a0datos ser\u00e1n tratados con el fin del adecuado desarrollo del contrato suscrito, para proteger los intereses vitales del participante o de otra persona en el pa\u00eds de destino del Programa contratado.<\/p>\n<p>Una ulterior finalidad del tratamiento de los datos es el env\u00edo de publicidad y comunicaciones comerciales, por cualquier medio, sobre los cursos y estancias de idiomas en Espa\u00f1a y otros pa\u00edses. Este tratamiento se basa en el inter\u00e9s leg\u00edtimo del Responsable en promocionar sus servicios. El cliente puede oponerse en cualquier momento al tratamiento de sus datos con este fin (ver apartado 6. para m\u00e1s informaci\u00f3n), sin que ello afecte al desarrollo del contrato. El consentimiento revocado no afectar\u00e1 a la licitud del tratamiento anterior.<\/p>\n<p><strong>3.- Procedencia<\/strong><\/p>\n<p>Los datos personales que tratar\u00e1 el Responsable ser\u00e1n los que le faciliten el propio cliente o sus representantes legales.<\/p>\n<p><strong>4.- Destinatarios de los datos<\/strong><\/p>\n<p>Para la ejecuci\u00f3n del contrato es necesario que los datos personales que faciliten los interesados se comuniquen a:<\/p>\n<ol>\n<li>A) Empresas y entidades de la UE y del EEE<\/li>\n<\/ol>\n<ul>\n<li>Las empresas y entidades espa\u00f1olas y europeas que colaboren con el Responsable, con la finalidad de llevar a cabo el objeto del contrato.<\/li>\n<li>\u00d3rganos de la Administraci\u00f3n P\u00fablica, para el estricto cumplimiento de las obligaciones establecidas legalmente.<\/li>\n<\/ul>\n<p>Tales empresas, organismos y entidades deben tratar los datos personales conforme a la normativa europea de protecci\u00f3n de datos, a tenor del Reglamento (UE) 2016\/679.<\/p>\n<ol>\n<li>B) Empresas y entidades fuera de la UE<\/li>\n<\/ol>\n<ul>\n<li>Las empresas y entidades extranjeras que colaboren con el Responsable, con la finalidad de llevar a cabo el objeto del contrato.<\/li>\n<\/ul>\n<p>Al estar radicadas estas empresas y entidades en otros Estados, podr\u00e1 ser necesario efectuar una transferencia internacional de los datos que sean precisos para la ejecuci\u00f3n del contrato.<\/p>\n<p>Si desea conocer los pa\u00edses de destino que cumplen con un adecuado nivel de protecci\u00f3n en el tratamiento de los datos personales, seg\u00fan el criterio de la Comisi\u00f3n Europea, puede acceder a trav\u00e9s de este enlace:\u00a0<a href=\"https:\/\/www.aepd.es\/reglamento\/cumplimiento\/transferencias-internacionales.html\">https:\/\/www.aepd.es\/reglamento\/cumplimiento\/transferencias-internacionales.html<\/a><\/p>\n<p><strong>5.- Plazos de conservaci\u00f3n de los datos<\/strong><\/p>\n<p>Los datos personales que ha facilitado el cliente se conservar\u00e1n mientras se mantenga la relaci\u00f3n contractual y despu\u00e9s de la conclusi\u00f3n del Programa contratado, a los efectos del ejercicio o la defensa de acciones ante los \u00f3rganos administrativos y jurisdiccionales.<\/p>\n<p>Una vez transcurrido el plazo citado se proceder\u00e1 a la supresi\u00f3n de los datos. Si en ese momento sigue en vigor el consentimiento del cliente para recibir comunicaciones comerciales, el Responsable conservar\u00e1 y tratar\u00e1 solo los datos de contacto que sean necesarios para enviarle dicha informaci\u00f3n.<\/p>\n<p><strong>6.- Derechos de acceso, rectificaci\u00f3n, supresi\u00f3n, portabilidad, limitaci\u00f3n u oposici\u00f3n al tratamiento y otros<\/strong><\/p>\n<p>Para ejercer sus derechos, el cliente deber\u00e1 enviar una comunicaci\u00f3n por carta \u2013a la direcci\u00f3n postal del Responsable- GET MIDLETON READY, S.L. , Calle de Recoletos 5, 1\u00ba Derecha, 28001 MADRID o por correo electr\u00f3nico a la direcci\u00f3n info@midletonschool.com , indicando en el Asunto el tipo de derecho que desea ejercer. Ser\u00e1 necesario\u00a0<strong>aportar copia del D.N.I. o documento legal que acredite la identidad<\/strong>. El Responsable responder\u00e1 en el plazo de 1 mes desde su recepci\u00f3n.<\/p>\n<p><strong>6.1.- Acceso<\/strong><\/p>\n<p>Para acceder a los datos personales que le incumben, el cliente podr\u00e1 dirigirse al Responsable indicando en el Asunto: \u201cSOLICITUD DE ACCESO A DATOS PERSONALES\u201d.<\/p>\n<p>En el cuerpo de la comunicaci\u00f3n deber\u00e1 indicar si desea confirmaci\u00f3n acerca de si se est\u00e1n tratando sus datos. En caso afirmativo podr\u00e1 conocer sobre los mismos: a) los fines del tratamiento; b) las categor\u00edas de datos; c) los destinatarios o categor\u00edas de destinatarios a los que se comunicaron o ser\u00e1n comunicados sus datos; d) el plazo de conservaci\u00f3n previsto; e) si tiene derecho a solicitar la rectificaci\u00f3n o supresi\u00f3n de datos o la limitaci\u00f3n del tratamiento u oponerse al mismo; etc.<\/p>\n<p>El Responsable facilitar\u00e1 la primera copia de los datos personales, sin coste para el cliente. Las restantes copias solicitadas ser\u00e1n enviadas previo pago de un canon informado, para sufragar los costes administrativos.<\/p>\n<p>El derecho del cliente a obtener la copia no deber\u00e1 afectar negativamente a los derechos y libertades de otros.<\/p>\n<p><strong>6.2.- Rectificaci\u00f3n<\/strong><\/p>\n<p>El cliente podr\u00e1 dirigirse al Responsable indicando en el Asunto: \u201cSOLICITUD DE RECTIFICACI\u00d3N DE DATOS PERSONALES\u201d.<\/p>\n<p>En el cuerpo de la comunicaci\u00f3n deber\u00e1 indicar la rectificaci\u00f3n de sus datos personales. Puede realizar una declaraci\u00f3n adicional se\u00f1alando c\u00f3mo desea que se completen sus datos, siempre que tal informaci\u00f3n guarde relaci\u00f3n proporcionada con la finalidad del tratamiento.<\/p>\n<p><strong>6.3.- Supresi\u00f3n<\/strong><\/p>\n<p>El cliente tendr\u00e1 derecho a la supresi\u00f3n de sus datos personales, cuando los datos no sean precisos para los fines para los que fueron recogidos y haya transcurrido el plazo de necesaria conservaci\u00f3n de los mismos. A tal efecto podr\u00e1 dirigirse al Responsable, por correo electr\u00f3nico o por carta, indicando en el Asunto \u201cSOLICITUD DE SUPRESI\u00d3N DE DATOS PERSONALES\u201d.<\/p>\n<p><strong>6.4.- Limitaci\u00f3n del tratamiento<\/strong><\/p>\n<p>El cliente puede solicitar la limitaci\u00f3n del tratamiento de sus datos personales a la mera conservaci\u00f3n cuando:<\/p>\n<ul>\n<li>la exactitud de los datos est\u00e9 en duda, tras impugnaci\u00f3n del cliente;<\/li>\n<li>el cliente no desee que se borren los datos;<\/li>\n<li>los datos ya no sean necesarios para su fin original, pero no se puedan borrar por motivos jur\u00eddicos; o<\/li>\n<li>el cliente se haya opuesto al tratamiento, mientras se verifica si los motivos leg\u00edtimos del Responsable prevalecen sobre los del interesado.<\/li>\n<\/ul>\n<p>A tal efecto, el cliente podr\u00e1 dirigirse al Responsable indicando en el Asunto: \u201cSOLICITUD DE LIMITACI\u00d3N DEL TRATAMIENTO\u201d.<\/p>\n<p>Los datos cuyo tratamiento est\u00e9 limitado podr\u00e1n ser utilizados para el ejercicio o la defensa de reclamaciones, para la protecci\u00f3n de los derechos de otra persona o por razones de inter\u00e9s p\u00fablico. Los datos limitados tambi\u00e9n podr\u00e1n tratarse con el consentimiento expreso del interesado. El Responsable le informar\u00e1 antes de que sea levantada la limitaci\u00f3n de sus datos.<\/p>\n<p><strong>6.5.- Portabilidad<\/strong><\/p>\n<p>En el caso de que el Responsable eventualmente realice el tratamiento por medios automatizados, el cliente podr\u00e1 recibir, previa solicitud, los datos que le incumban, en un formato estructurado de uso com\u00fan y lectura mec\u00e1nica, y podr\u00e1 transmitirlos a otro responsable de tratamiento, sin perjuicio del derecho a la supresi\u00f3n de los mismos. El derecho del cliente a la portabilidad de sus datos no deber\u00e1 afectar negativamente a los derechos y libertades de otros.<\/p>\n<p><strong>6.6.- Oposici\u00f3n<\/strong><\/p>\n<p>El cliente tendr\u00e1 derecho a oponerse, en cualquier momento y por motivos relacionados con su situaci\u00f3n particular, a que sus datos personales sean objeto de un tratamiento basado en el cumplimiento de intereses leg\u00edtimos del Responsable o de un tercero, siempre que sobre estos \u00faltimos intereses no prevalezcan los del interesado que requieran la protecci\u00f3n. El Responsable dejar\u00e1 de tratar esos datos salvo que acredite motivos imperiosos que prevalezcan, o para el ejercicio o defensa de reclamaciones.<\/p>\n<p>A tal efecto, el cliente podr\u00e1 dirigirse al Responsable indicando en el Asunto: \u201cSOLICITUD DE OPOSICI\u00d3N\u201d.<\/p>\n<p><strong>6.7.- Otros<\/strong><\/p>\n<p>El cliente tiene derecho a presentar una reclamaci\u00f3n ante la autoridad de control si considera que el tratamiento de sus datos vulnera la legislaci\u00f3n vigente en materia de protecci\u00f3n de datos personales.[\/vc_column_text][\/vc_column][vc_column column_padding=\u00bbno-extra-padding\u00bb column_padding_tablet=\u00bbinherit\u00bb column_padding_phone=\u00bbinherit\u00bb column_padding_position=\u00bball\u00bb column_element_direction_desktop=\u00bbdefault\u00bb column_element_spacing=\u00bbdefault\u00bb desktop_text_alignment=\u00bbdefault\u00bb tablet_text_alignment=\u00bbdefault\u00bb phone_text_alignment=\u00bbdefault\u00bb background_color_opacity=\u00bb1&#8243; background_hover_color_opacity=\u00bb1&#8243; column_backdrop_filter=\u00bbnone\u00bb column_shadow=\u00bbnone\u00bb column_border_radius=\u00bbnone\u00bb column_link_target=\u00bb_self\u00bb column_position=\u00bbdefault\u00bb overflow=\u00bbdefault\u00bb gradient_direction=\u00bbleft_to_right\u00bb overlay_strength=\u00bb0.3&#8243; width=\u00bb1\/12&#8243; tablet_width_inherit=\u00bbdefault\u00bb animation_type=\u00bbdefault\u00bb bg_image_animation=\u00bbnone\u00bb border_type=\u00bbsimple\u00bb column_border_width=\u00bbnone\u00bb column_border_style=\u00bbsolid\u00bb css=\u00bb.vc_custom_1573387304663{padding-right: 27px !important;padding-left: 27px !important;}\u00bb][\/vc_column][\/vc_row]\n","protected":false},"excerpt":{"rendered":"<p>[vc_row type=\u00bbin_container\u00bb full_screen_row_position=\u00bbmiddle\u00bb column_margin=\u00bbdefault\u00bb column_direction=\u00bbdefault\u00bb column_direction_tablet=\u00bbdefault\u00bb column_direction_phone=\u00bbdefault\u00bb scene_position=\u00bbcenter\u00bb text_color=\u00bbdark\u00bb text_align=\u00bbleft\u00bb row_border_radius=\u00bbnone\u00bb row_border_radius_applies=\u00bbbg\u00bb overflow=\u00bbdefault\u00bb overlay_strength=\u00bb0.3&#8243; gradient_direction=\u00bbleft_to_right\u00bb shape_divider_position=\u00bbbottom\u00bb bg_image_animation=\u00bbnone\u00bb full_width=\u00bbstretch_row\u00bb css=\u00bb.vc_custom_1573343415862{padding-top: 47px !important;padding-bottom: 47px !important;}\u00bb][vc_column column_padding=\u00bbno-extra-padding\u00bb column_padding_tablet=\u00bbinherit\u00bb column_padding_phone=\u00bbinherit\u00bb column_padding_position=\u00bball\u00bb column_element_direction_desktop=\u00bbdefault\u00bb column_element_spacing=\u00bbdefault\u00bb desktop_text_alignment=\u00bbdefault\u00bb&#8230;<\/p>\n","protected":false},"author":8,"featured_media":0,"parent":0,"menu_order":0,"comment_status":"closed","ping_status":"closed","template":"","meta":{"footnotes":""},"class_list":["post-2363","page","type-page","status-publish"],"yoast_head":"<!-- This site is optimized with the Yoast SEO plugin v27.6 - https:\/\/yoast.com\/product\/yoast-seo-wordpress\/ -->\n<title>Get Ready | Pol\u00edtica de privacidad<\/title>\n<meta name=\"description\" content=\"Recogemos informaci\u00f3n sobre todos los usuarios que visitan nuestra web. Si tienes alguna duda sobre nuestra Pol\u00edtica de Privacidad, cons\u00faltanos.\" \/>\n<meta name=\"robots\" content=\"noindex, nofollow\" \/>\n<meta property=\"og:locale\" content=\"es_ES\" \/>\n<meta property=\"og:type\" content=\"article\" \/>\n<meta property=\"og:title\" content=\"Get Ready | Pol\u00edtica de privacidad\" \/>\n<meta property=\"og:description\" content=\"Recogemos informaci\u00f3n sobre todos los usuarios que visitan nuestra web. Si tienes alguna duda sobre nuestra Pol\u00edtica de Privacidad, cons\u00faltanos.\" \/>\n<meta property=\"og:url\" content=\"https:\/\/internationalhighschoolfair.com\/es\/politicaprivacidad\/\" \/>\n<meta property=\"og:site_name\" content=\"International High School Fair\" \/>\n<meta property=\"article:modified_time\" content=\"2024-02-28T17:27:16+00:00\" \/>\n<meta name=\"twitter:card\" content=\"summary_large_image\" \/>\n<meta name=\"twitter:label1\" content=\"Tiempo de lectura\" \/>\n\t<meta name=\"twitter:data1\" content=\"7 minutos\" \/>\n<script type=\"application\/ld+json\" class=\"yoast-schema-graph\">{\"@context\":\"https:\\\/\\\/schema.org\",\"@graph\":[{\"@type\":\"WebPage\",\"@id\":\"https:\\\/\\\/internationalhighschoolfair.com\\\/es\\\/politicaprivacidad\\\/\",\"url\":\"https:\\\/\\\/internationalhighschoolfair.com\\\/es\\\/politicaprivacidad\\\/\",\"name\":\"Get Ready | Pol\u00edtica de privacidad\",\"isPartOf\":{\"@id\":\"https:\\\/\\\/internationalhighschoolfair.com\\\/es\\\/#website\"},\"datePublished\":\"2019-11-22T11:10:18+00:00\",\"dateModified\":\"2024-02-28T17:27:16+00:00\",\"description\":\"Recogemos informaci\u00f3n sobre todos los usuarios que visitan nuestra web. Si tienes alguna duda sobre nuestra Pol\u00edtica de Privacidad, cons\u00faltanos.\",\"breadcrumb\":{\"@id\":\"https:\\\/\\\/internationalhighschoolfair.com\\\/es\\\/politicaprivacidad\\\/#breadcrumb\"},\"inLanguage\":\"es\",\"potentialAction\":[{\"@type\":\"ReadAction\",\"target\":[\"https:\\\/\\\/internationalhighschoolfair.com\\\/es\\\/politicaprivacidad\\\/\"]}]},{\"@type\":\"BreadcrumbList\",\"@id\":\"https:\\\/\\\/internationalhighschoolfair.com\\\/es\\\/politicaprivacidad\\\/#breadcrumb\",\"itemListElement\":[{\"@type\":\"ListItem\",\"position\":1,\"name\":\"Portada\",\"item\":\"https:\\\/\\\/internationalhighschoolfair.com\\\/es\\\/\"},{\"@type\":\"ListItem\",\"position\":2,\"name\":\"Pol\u00edtica de Privacidad\"}]},{\"@type\":\"WebSite\",\"@id\":\"https:\\\/\\\/internationalhighschoolfair.com\\\/es\\\/#website\",\"url\":\"https:\\\/\\\/internationalhighschoolfair.com\\\/es\\\/\",\"name\":\"International High School Fair\",\"description\":\"International High School Fair de Midleton School y Get Ready en Madrid y Barcelona\",\"potentialAction\":[{\"@type\":\"SearchAction\",\"target\":{\"@type\":\"EntryPoint\",\"urlTemplate\":\"https:\\\/\\\/internationalhighschoolfair.com\\\/es\\\/?s={search_term_string}\"},\"query-input\":{\"@type\":\"PropertyValueSpecification\",\"valueRequired\":true,\"valueName\":\"search_term_string\"}}],\"inLanguage\":\"es\"}]}<\/script>\n<!-- \/ Yoast SEO plugin. -->","yoast_head_json":{"title":"Get Ready | Pol\u00edtica de privacidad","description":"Recogemos informaci\u00f3n sobre todos los usuarios que visitan nuestra web. Si tienes alguna duda sobre nuestra Pol\u00edtica de Privacidad, cons\u00faltanos.","robots":{"index":"noindex","follow":"nofollow"},"og_locale":"es_ES","og_type":"article","og_title":"Get Ready | Pol\u00edtica de privacidad","og_description":"Recogemos informaci\u00f3n sobre todos los usuarios que visitan nuestra web. Si tienes alguna duda sobre nuestra Pol\u00edtica de Privacidad, cons\u00faltanos.","og_url":"https:\/\/internationalhighschoolfair.com\/es\/politicaprivacidad\/","og_site_name":"International High School Fair","article_modified_time":"2024-02-28T17:27:16+00:00","twitter_card":"summary_large_image","twitter_misc":{"Tiempo de lectura":"7 minutos"},"schema":{"@context":"https:\/\/schema.org","@graph":[{"@type":"WebPage","@id":"https:\/\/internationalhighschoolfair.com\/es\/politicaprivacidad\/","url":"https:\/\/internationalhighschoolfair.com\/es\/politicaprivacidad\/","name":"Get Ready | Pol\u00edtica de privacidad","isPartOf":{"@id":"https:\/\/internationalhighschoolfair.com\/es\/#website"},"datePublished":"2019-11-22T11:10:18+00:00","dateModified":"2024-02-28T17:27:16+00:00","description":"Recogemos informaci\u00f3n sobre todos los usuarios que visitan nuestra web. Si tienes alguna duda sobre nuestra Pol\u00edtica de Privacidad, cons\u00faltanos.","breadcrumb":{"@id":"https:\/\/internationalhighschoolfair.com\/es\/politicaprivacidad\/#breadcrumb"},"inLanguage":"es","potentialAction":[{"@type":"ReadAction","target":["https:\/\/internationalhighschoolfair.com\/es\/politicaprivacidad\/"]}]},{"@type":"BreadcrumbList","@id":"https:\/\/internationalhighschoolfair.com\/es\/politicaprivacidad\/#breadcrumb","itemListElement":[{"@type":"ListItem","position":1,"name":"Portada","item":"https:\/\/internationalhighschoolfair.com\/es\/"},{"@type":"ListItem","position":2,"name":"Pol\u00edtica de Privacidad"}]},{"@type":"WebSite","@id":"https:\/\/internationalhighschoolfair.com\/es\/#website","url":"https:\/\/internationalhighschoolfair.com\/es\/","name":"International High School Fair","description":"International High School Fair de Midleton School y Get Ready en Madrid y Barcelona","potentialAction":[{"@type":"SearchAction","target":{"@type":"EntryPoint","urlTemplate":"https:\/\/internationalhighschoolfair.com\/es\/?s={search_term_string}"},"query-input":{"@type":"PropertyValueSpecification","valueRequired":true,"valueName":"search_term_string"}}],"inLanguage":"es"}]}},"_links":{"self":[{"href":"https:\/\/internationalhighschoolfair.com\/es\/wp-json\/wp\/v2\/pages\/2363","targetHints":{"allow":["GET"]}}],"collection":[{"href":"https:\/\/internationalhighschoolfair.com\/es\/wp-json\/wp\/v2\/pages"}],"about":[{"href":"https:\/\/internationalhighschoolfair.com\/es\/wp-json\/wp\/v2\/types\/page"}],"author":[{"embeddable":true,"href":"https:\/\/internationalhighschoolfair.com\/es\/wp-json\/wp\/v2\/users\/8"}],"replies":[{"embeddable":true,"href":"https:\/\/internationalhighschoolfair.com\/es\/wp-json\/wp\/v2\/comments?post=2363"}],"version-history":[{"count":4,"href":"https:\/\/internationalhighschoolfair.com\/es\/wp-json\/wp\/v2\/pages\/2363\/revisions"}],"predecessor-version":[{"id":9395,"href":"https:\/\/internationalhighschoolfair.com\/es\/wp-json\/wp\/v2\/pages\/2363\/revisions\/9395"}],"wp:attachment":[{"href":"https:\/\/internationalhighschoolfair.com\/es\/wp-json\/wp\/v2\/media?parent=2363"}],"curies":[{"name":"wp","href":"https:\/\/api.w.org\/{rel}","templated":true}]}}