{"id":2363,"date":"2019-11-22T12:10:18","date_gmt":"2019-11-22T11:10:18","guid":{"rendered":"https:\/\/planealia.net\/mid024\/?page_id=2363"},"modified":"2025-08-26T20:10:39","modified_gmt":"2025-08-26T18:10:39","slug":"politique-de-confidentialite","status":"publish","type":"page","link":"https:\/\/internationalhighschoolfair.com\/fr\/politique-de-confidentialite\/","title":{"rendered":"Politique de Confidentialit\u00e9"},"content":{"rendered":"[vc_row type=\u00a0\u00bbin_container\u00a0\u00bb full_screen_row_position=\u00a0\u00bbmiddle\u00a0\u00bb column_margin=\u00a0\u00bbdefault\u00a0\u00bb column_direction=\u00a0\u00bbdefault\u00a0\u00bb column_direction_tablet=\u00a0\u00bbdefault\u00a0\u00bb column_direction_phone=\u00a0\u00bbdefault\u00a0\u00bb scene_position=\u00a0\u00bbcenter\u00a0\u00bb text_color=\u00a0\u00bbdark\u00a0\u00bb text_align=\u00a0\u00bbleft\u00a0\u00bb row_border_radius=\u00a0\u00bbnone\u00a0\u00bb row_border_radius_applies=\u00a0\u00bbbg\u00a0\u00bb overflow=\u00a0\u00bbdefault\u00a0\u00bb overlay_strength=\u00a0\u00bb0.3&Prime; gradient_direction=\u00a0\u00bbleft_to_right\u00a0\u00bb shape_divider_position=\u00a0\u00bbbottom\u00a0\u00bb bg_image_animation=\u00a0\u00bbnone\u00a0\u00bb full_width=\u00a0\u00bbstretch_row\u00a0\u00bb css=\u00a0\u00bb.vc_custom_1573343415862{padding-top: 47px !important;padding-bottom: 47px !important;}\u00a0\u00bb][vc_column column_padding=\u00a0\u00bbno-extra-padding\u00a0\u00bb column_padding_tablet=\u00a0\u00bbinherit\u00a0\u00bb column_padding_phone=\u00a0\u00bbinherit\u00a0\u00bb column_padding_position=\u00a0\u00bball\u00a0\u00bb column_element_direction_desktop=\u00a0\u00bbdefault\u00a0\u00bb column_element_spacing=\u00a0\u00bbdefault\u00a0\u00bb desktop_text_alignment=\u00a0\u00bbdefault\u00a0\u00bb tablet_text_alignment=\u00a0\u00bbdefault\u00a0\u00bb phone_text_alignment=\u00a0\u00bbdefault\u00a0\u00bb background_color_opacity=\u00a0\u00bb1&Prime; background_hover_color_opacity=\u00a0\u00bb1&Prime; column_backdrop_filter=\u00a0\u00bbnone\u00a0\u00bb column_shadow=\u00a0\u00bbnone\u00a0\u00bb column_border_radius=\u00a0\u00bbnone\u00a0\u00bb column_link_target=\u00a0\u00bb_self\u00a0\u00bb column_position=\u00a0\u00bbdefault\u00a0\u00bb overflow=\u00a0\u00bbdefault\u00a0\u00bb gradient_direction=\u00a0\u00bbleft_to_right\u00a0\u00bb overlay_strength=\u00a0\u00bb0.3&Prime; width=\u00a0\u00bb1\/6&Prime; tablet_width_inherit=\u00a0\u00bbdefault\u00a0\u00bb animation_type=\u00a0\u00bbdefault\u00a0\u00bb bg_image_animation=\u00a0\u00bbnone\u00a0\u00bb border_type=\u00a0\u00bbsimple\u00a0\u00bb column_border_width=\u00a0\u00bbnone\u00a0\u00bb column_border_style=\u00a0\u00bbsolid\u00a0\u00bb css=\u00a0\u00bb.vc_custom_1573388221458{padding-bottom: 14px !important;}\u00a0\u00bb][\/vc_column][vc_column column_padding=\u00a0\u00bbno-extra-padding\u00a0\u00bb column_padding_tablet=\u00a0\u00bbinherit\u00a0\u00bb column_padding_phone=\u00a0\u00bbinherit\u00a0\u00bb column_padding_position=\u00a0\u00bball\u00a0\u00bb column_element_direction_desktop=\u00a0\u00bbdefault\u00a0\u00bb column_element_spacing=\u00a0\u00bbdefault\u00a0\u00bb desktop_text_alignment=\u00a0\u00bbdefault\u00a0\u00bb tablet_text_alignment=\u00a0\u00bbdefault\u00a0\u00bb phone_text_alignment=\u00a0\u00bbdefault\u00a0\u00bb background_color_opacity=\u00a0\u00bb1&Prime; background_hover_color_opacity=\u00a0\u00bb1&Prime; column_backdrop_filter=\u00a0\u00bbnone\u00a0\u00bb column_shadow=\u00a0\u00bbnone\u00a0\u00bb column_border_radius=\u00a0\u00bbnone\u00a0\u00bb column_link_target=\u00a0\u00bb_self\u00a0\u00bb column_position=\u00a0\u00bbdefault\u00a0\u00bb overflow=\u00a0\u00bbdefault\u00a0\u00bb gradient_direction=\u00a0\u00bbleft_to_right\u00a0\u00bb overlay_strength=\u00a0\u00bb0.3&Prime; width=\u00a0\u00bb3\/4&Prime; tablet_width_inherit=\u00a0\u00bbdefault\u00a0\u00bb animation_type=\u00a0\u00bbdefault\u00a0\u00bb bg_image_animation=\u00a0\u00bbnone\u00a0\u00bb border_type=\u00a0\u00bbsimple\u00a0\u00bb column_border_width=\u00a0\u00bbnone\u00a0\u00bb column_border_style=\u00a0\u00bbsolid\u00a0\u00bb css=\u00a0\u00bb.vc_custom_1573840478140{padding-top: 27px !important;padding-right: 27px !important;padding-bottom: 27px !important;padding-left: 27px !important;background-color: #f5f5f5 !important;}\u00a0\u00bb][vc_column_text css=\u00a0\u00bb.vc_custom_1756231743653{margin-top: 0px !important;margin-bottom: 0px !important;padding-top: 10px !important;padding-bottom: 10px !important;}\u00a0\u00bb text_direction=\u00a0\u00bbdefault\u00a0\u00bb]\n<h3 style=\"text-align: left;\"><span style=\"color: #019490;\"><strong>Politique de confidentialit\u00e9<\/strong><\/span><\/h3>\n[\/vc_column_text][divider line_type=\u00a0\u00bbNo Line\u00a0\u00bb custom_height=\u00a0\u00bb21&Prime;][vc_column_text css=\u00a0\u00bb\u00a0\u00bb text_direction=\u00a0\u00bbdefault\u00a0\u00bb]En conformit\u00e9 avec le R\u00e8glement G\u00e9n\u00e9ral sur la Protection des Donn\u00e9es (RGPD \u2013 UE 2016\/679), nous vous informons des \u00e9l\u00e9ments suivants :<\/p>\n<p><strong>1. Responsable du traitement<\/strong><br \/>\nLe responsable du traitement est l\u2019organisme en charge de la gestion des inscriptions \u00e0 l\u2019\u00e9v\u00e9nement, dont les coordonn\u00e9es sont les suivantes : JEV Langues, 16 Boulevard de Bretagne &#8211; 16000 Angoul\u00eame &#8211; e-mail : info@internationalhighschoolfair.fr (ci-apr\u00e8s \u00ab le Responsable \u00bb).<\/p>\n<p><strong>2. Finalit\u00e9 du traitement<\/strong><br \/>\nLes donn\u00e9es personnelles collect\u00e9es sont utilis\u00e9es pour :<\/p>\n<p><strong>&#8211;<\/strong> G\u00e9rer votre inscription \u00e0 l\u2019International High School Fair (informations pratiques, confirmation, relances) ;<br \/>\n<strong>&#8211;<\/strong> Vous transmettre des informations sur les programmes \u00e9ducatifs pr\u00e9sent\u00e9s lors du salon ;<br \/>\n<strong>&#8211;<\/strong> Partager vos donn\u00e9es avec les organismes exposants, afin qu\u2019ils puissent vous recontacter \u00e0 l\u2019issue de l\u2019\u00e9v\u00e9nement pour vous pr\u00e9senter leurs offres.<\/p>\n<p>Ce traitement est fond\u00e9 sur votre consentement librement donn\u00e9 lors de l\u2019inscription.<\/p>\n<p><strong>3. Origine des donn\u00e9es<\/strong><br \/>\nLes donn\u00e9es collect\u00e9es proviennent directement de vous ou de votre repr\u00e9sentant l\u00e9gal.<\/p>\n<p><strong>4. Destinataires des donn\u00e9es<\/strong><br \/>\nVos donn\u00e9es sont transmises uniquement :<br \/>\n<strong>&#8211;<\/strong> \u00c0 l\u2019\u00e9quipe en charge de l\u2019organisation du salon, dans le cadre de la gestion administrative de votre participation ;<br \/>\n<strong>&#8211;<\/strong> Aux organismes exposants partenaires, afin qu\u2019ils puissent vous informer sur leurs programmes \u00e9ducatifs, en lien avec votre demande.<\/p>\n<p><strong>5. Dur\u00e9e de conservation<\/strong><br \/>\nLes donn\u00e9es collect\u00e9es dans le cadre de l\u2019International High School Fair sont conserv\u00e9es :<br \/>\n<strong>&#8211;<\/strong> Jusqu\u2019\u00e0 6 mois apr\u00e8s la date de l\u2019\u00e9v\u00e9nement, pour assurer le suivi des inscriptions et des contacts avec les exposants ;<br \/>\n<strong>&#8211;<\/strong> Au-del\u00e0 de ce d\u00e9lai, uniquement si vous avez donn\u00e9 votre accord pour recevoir des communications commerciales, et dans ce cas jusqu\u2019\u00e0 3 ans maximum \u00e0 compter du dernier contact, conform\u00e9ment aux recommandations de la CNIL.<\/p>\n<p>Vous pouvez demander \u00e0 tout moment la suppression de vos donn\u00e9es, conform\u00e9ment \u00e0 vos droits.<\/p>\n<p><strong>6. Vos droits<\/strong><br \/>\nVous pouvez \u00e0 tout moment exercer vos droits d\u2019acc\u00e8s, rectification, suppression, opposition, portabilit\u00e9 ou limitation du traitement en nous contactant :<br \/>\nPar e-mail : info@internationalhighschoolfair.fr<br \/>\nPar courrier : JEV Langues \u2013 16 Boulevard de Bretagne 16000 Angoul\u00eame<br \/>\nMerci de joindre une pi\u00e8ce d\u2019identit\u00e9. Nous r\u00e9pondrons sous 30 jours.<\/p>\n<p>Vous pouvez \u00e9galement introduire une r\u00e9clamation aupr\u00e8s de la CNIL (www.cnil.fr) si vous estimez que vos droits n\u2019ont pas \u00e9t\u00e9<br \/>\nrespect\u00e9s[\/vc_column_text][\/vc_column][vc_column column_padding=\u00a0\u00bbno-extra-padding\u00a0\u00bb column_padding_tablet=\u00a0\u00bbinherit\u00a0\u00bb column_padding_phone=\u00a0\u00bbinherit\u00a0\u00bb column_padding_position=\u00a0\u00bball\u00a0\u00bb column_element_direction_desktop=\u00a0\u00bbdefault\u00a0\u00bb column_element_spacing=\u00a0\u00bbdefault\u00a0\u00bb desktop_text_alignment=\u00a0\u00bbdefault\u00a0\u00bb tablet_text_alignment=\u00a0\u00bbdefault\u00a0\u00bb phone_text_alignment=\u00a0\u00bbdefault\u00a0\u00bb background_color_opacity=\u00a0\u00bb1&Prime; background_hover_color_opacity=\u00a0\u00bb1&Prime; column_backdrop_filter=\u00a0\u00bbnone\u00a0\u00bb column_shadow=\u00a0\u00bbnone\u00a0\u00bb column_border_radius=\u00a0\u00bbnone\u00a0\u00bb column_link_target=\u00a0\u00bb_self\u00a0\u00bb column_position=\u00a0\u00bbdefault\u00a0\u00bb overflow=\u00a0\u00bbdefault\u00a0\u00bb gradient_direction=\u00a0\u00bbleft_to_right\u00a0\u00bb overlay_strength=\u00a0\u00bb0.3&Prime; width=\u00a0\u00bb1\/12&Prime; tablet_width_inherit=\u00a0\u00bbdefault\u00a0\u00bb animation_type=\u00a0\u00bbdefault\u00a0\u00bb bg_image_animation=\u00a0\u00bbnone\u00a0\u00bb border_type=\u00a0\u00bbsimple\u00a0\u00bb column_border_width=\u00a0\u00bbnone\u00a0\u00bb column_border_style=\u00a0\u00bbsolid\u00a0\u00bb css=\u00a0\u00bb.vc_custom_1573387304663{padding-right: 27px !important;padding-left: 27px !important;}\u00a0\u00bb][\/vc_column][\/vc_row]\n","protected":false},"excerpt":{"rendered":"<p>[vc_row type=\u00a0\u00bbin_container\u00a0\u00bb full_screen_row_position=\u00a0\u00bbmiddle\u00a0\u00bb column_margin=\u00a0\u00bbdefault\u00a0\u00bb column_direction=\u00a0\u00bbdefault\u00a0\u00bb column_direction_tablet=\u00a0\u00bbdefault\u00a0\u00bb column_direction_phone=\u00a0\u00bbdefault\u00a0\u00bb scene_position=\u00a0\u00bbcenter\u00a0\u00bb text_color=\u00a0\u00bbdark\u00a0\u00bb text_align=\u00a0\u00bbleft\u00a0\u00bb row_border_radius=\u00a0\u00bbnone\u00a0\u00bb row_border_radius_applies=\u00a0\u00bbbg\u00a0\u00bb overflow=\u00a0\u00bbdefault\u00a0\u00bb overlay_strength=\u00a0\u00bb0.3&Prime; gradient_direction=\u00a0\u00bbleft_to_right\u00a0\u00bb shape_divider_position=\u00a0\u00bbbottom\u00a0\u00bb bg_image_animation=\u00a0\u00bbnone\u00a0\u00bb full_width=\u00a0\u00bbstretch_row\u00a0\u00bb css=\u00a0\u00bb.vc_custom_1573343415862{padding-top: 47px !important;padding-bottom: 47px !important;}\u00a0\u00bb][vc_column column_padding=\u00a0\u00bbno-extra-padding\u00a0\u00bb column_padding_tablet=\u00a0\u00bbinherit\u00a0\u00bb column_padding_phone=\u00a0\u00bbinherit\u00a0\u00bb column_padding_position=\u00a0\u00bball\u00a0\u00bb column_element_direction_desktop=\u00a0\u00bbdefault\u00a0\u00bb column_element_spacing=\u00a0\u00bbdefault\u00a0\u00bb desktop_text_alignment=\u00a0\u00bbdefault\u00a0\u00bb&#8230;<\/p>\n","protected":false},"author":8,"featured_media":0,"parent":0,"menu_order":0,"comment_status":"closed","ping_status":"closed","template":"","meta":{"footnotes":""},"class_list":["post-2363","page","type-page","status-publish"],"yoast_head":"<!-- This site is optimized with the Yoast SEO plugin v27.6 - https:\/\/yoast.com\/product\/yoast-seo-wordpress\/ -->\n<title>Politique de confidentialit\u00e9<\/title>\n<meta name=\"description\" content=\"Politique de confidentialit\u00e9, afin qu\u2019ils puissent vous informer sur leurs programmes \u00e9ducatifs, en lien avec votre demande.\" \/>\n<meta name=\"robots\" content=\"noindex, nofollow\" \/>\n<meta property=\"og:locale\" content=\"fr_FR\" \/>\n<meta property=\"og:type\" content=\"article\" \/>\n<meta property=\"og:title\" content=\"Politique de confidentialit\u00e9\" \/>\n<meta property=\"og:description\" content=\"Politique de confidentialit\u00e9, afin qu\u2019ils puissent vous informer sur leurs programmes \u00e9ducatifs, en lien avec votre demande.\" \/>\n<meta property=\"og:url\" content=\"https:\/\/internationalhighschoolfair.com\/fr\/politique-de-confidentialite\/\" \/>\n<meta property=\"og:site_name\" content=\"International High School Fair\" \/>\n<meta property=\"article:modified_time\" content=\"2025-08-26T18:10:39+00:00\" \/>\n<meta name=\"twitter:card\" content=\"summary_large_image\" \/>\n<meta name=\"twitter:label1\" content=\"Dur\u00e9e de lecture estim\u00e9e\" \/>\n\t<meta name=\"twitter:data1\" content=\"2 minutes\" \/>\n<script type=\"application\/ld+json\" class=\"yoast-schema-graph\">{\"@context\":\"https:\\\/\\\/schema.org\",\"@graph\":[{\"@type\":\"WebPage\",\"@id\":\"https:\\\/\\\/internationalhighschoolfair.com\\\/fr\\\/politique-de-confidentialite\\\/\",\"url\":\"https:\\\/\\\/internationalhighschoolfair.com\\\/fr\\\/politique-de-confidentialite\\\/\",\"name\":\"Politique de confidentialit\u00e9\",\"isPartOf\":{\"@id\":\"https:\\\/\\\/internationalhighschoolfair.com\\\/fr\\\/#website\"},\"datePublished\":\"2019-11-22T11:10:18+00:00\",\"dateModified\":\"2025-08-26T18:10:39+00:00\",\"description\":\"Politique de confidentialit\u00e9, afin qu\u2019ils puissent vous informer sur leurs programmes \u00e9ducatifs, en lien avec votre demande.\",\"breadcrumb\":{\"@id\":\"https:\\\/\\\/internationalhighschoolfair.com\\\/fr\\\/politique-de-confidentialite\\\/#breadcrumb\"},\"inLanguage\":\"fr-FR\",\"potentialAction\":[{\"@type\":\"ReadAction\",\"target\":[\"https:\\\/\\\/internationalhighschoolfair.com\\\/fr\\\/politique-de-confidentialite\\\/\"]}]},{\"@type\":\"BreadcrumbList\",\"@id\":\"https:\\\/\\\/internationalhighschoolfair.com\\\/fr\\\/politique-de-confidentialite\\\/#breadcrumb\",\"itemListElement\":[{\"@type\":\"ListItem\",\"position\":1,\"name\":\"Portada\",\"item\":\"https:\\\/\\\/internationalhighschoolfair.com\\\/fr\\\/\"},{\"@type\":\"ListItem\",\"position\":2,\"name\":\"Politique de Confidentialit\u00e9\"}]},{\"@type\":\"WebSite\",\"@id\":\"https:\\\/\\\/internationalhighschoolfair.com\\\/fr\\\/#website\",\"url\":\"https:\\\/\\\/internationalhighschoolfair.com\\\/fr\\\/\",\"name\":\"International High School Fair\",\"description\":\"International High School Fair\",\"potentialAction\":[{\"@type\":\"SearchAction\",\"target\":{\"@type\":\"EntryPoint\",\"urlTemplate\":\"https:\\\/\\\/internationalhighschoolfair.com\\\/fr\\\/?s={search_term_string}\"},\"query-input\":{\"@type\":\"PropertyValueSpecification\",\"valueRequired\":true,\"valueName\":\"search_term_string\"}}],\"inLanguage\":\"fr-FR\"}]}<\/script>\n<!-- \/ Yoast SEO plugin. -->","yoast_head_json":{"title":"Politique de confidentialit\u00e9","description":"Politique de confidentialit\u00e9, afin qu\u2019ils puissent vous informer sur leurs programmes \u00e9ducatifs, en lien avec votre demande.","robots":{"index":"noindex","follow":"nofollow"},"og_locale":"fr_FR","og_type":"article","og_title":"Politique de confidentialit\u00e9","og_description":"Politique de confidentialit\u00e9, afin qu\u2019ils puissent vous informer sur leurs programmes \u00e9ducatifs, en lien avec votre demande.","og_url":"https:\/\/internationalhighschoolfair.com\/fr\/politique-de-confidentialite\/","og_site_name":"International High School Fair","article_modified_time":"2025-08-26T18:10:39+00:00","twitter_card":"summary_large_image","twitter_misc":{"Dur\u00e9e de lecture estim\u00e9e":"2 minutes"},"schema":{"@context":"https:\/\/schema.org","@graph":[{"@type":"WebPage","@id":"https:\/\/internationalhighschoolfair.com\/fr\/politique-de-confidentialite\/","url":"https:\/\/internationalhighschoolfair.com\/fr\/politique-de-confidentialite\/","name":"Politique de confidentialit\u00e9","isPartOf":{"@id":"https:\/\/internationalhighschoolfair.com\/fr\/#website"},"datePublished":"2019-11-22T11:10:18+00:00","dateModified":"2025-08-26T18:10:39+00:00","description":"Politique de confidentialit\u00e9, afin qu\u2019ils puissent vous informer sur leurs programmes \u00e9ducatifs, en lien avec votre demande.","breadcrumb":{"@id":"https:\/\/internationalhighschoolfair.com\/fr\/politique-de-confidentialite\/#breadcrumb"},"inLanguage":"fr-FR","potentialAction":[{"@type":"ReadAction","target":["https:\/\/internationalhighschoolfair.com\/fr\/politique-de-confidentialite\/"]}]},{"@type":"BreadcrumbList","@id":"https:\/\/internationalhighschoolfair.com\/fr\/politique-de-confidentialite\/#breadcrumb","itemListElement":[{"@type":"ListItem","position":1,"name":"Portada","item":"https:\/\/internationalhighschoolfair.com\/fr\/"},{"@type":"ListItem","position":2,"name":"Politique de Confidentialit\u00e9"}]},{"@type":"WebSite","@id":"https:\/\/internationalhighschoolfair.com\/fr\/#website","url":"https:\/\/internationalhighschoolfair.com\/fr\/","name":"International High School Fair","description":"International High School Fair","potentialAction":[{"@type":"SearchAction","target":{"@type":"EntryPoint","urlTemplate":"https:\/\/internationalhighschoolfair.com\/fr\/?s={search_term_string}"},"query-input":{"@type":"PropertyValueSpecification","valueRequired":true,"valueName":"search_term_string"}}],"inLanguage":"fr-FR"}]}},"_links":{"self":[{"href":"https:\/\/internationalhighschoolfair.com\/fr\/wp-json\/wp\/v2\/pages\/2363","targetHints":{"allow":["GET"]}}],"collection":[{"href":"https:\/\/internationalhighschoolfair.com\/fr\/wp-json\/wp\/v2\/pages"}],"about":[{"href":"https:\/\/internationalhighschoolfair.com\/fr\/wp-json\/wp\/v2\/types\/page"}],"author":[{"embeddable":true,"href":"https:\/\/internationalhighschoolfair.com\/fr\/wp-json\/wp\/v2\/users\/8"}],"replies":[{"embeddable":true,"href":"https:\/\/internationalhighschoolfair.com\/fr\/wp-json\/wp\/v2\/comments?post=2363"}],"version-history":[{"count":7,"href":"https:\/\/internationalhighschoolfair.com\/fr\/wp-json\/wp\/v2\/pages\/2363\/revisions"}],"predecessor-version":[{"id":9670,"href":"https:\/\/internationalhighschoolfair.com\/fr\/wp-json\/wp\/v2\/pages\/2363\/revisions\/9670"}],"wp:attachment":[{"href":"https:\/\/internationalhighschoolfair.com\/fr\/wp-json\/wp\/v2\/media?parent=2363"}],"curies":[{"name":"wp","href":"https:\/\/api.w.org\/{rel}","templated":true}]}}