{"id":2373,"date":"2019-11-22T12:41:33","date_gmt":"2019-11-22T11:41:33","guid":{"rendered":"https:\/\/planealia.net\/mid024\/?page_id=2373"},"modified":"2025-09-11T18:12:52","modified_gmt":"2025-09-11T16:12:52","slug":"politique-de-cookies","status":"publish","type":"page","link":"https:\/\/internationalhighschoolfair.com\/fr\/politique-de-cookies\/","title":{"rendered":"Politique de Cookies"},"content":{"rendered":"[vc_row type=\u00a0\u00bbin_container\u00a0\u00bb full_screen_row_position=\u00a0\u00bbmiddle\u00a0\u00bb column_margin=\u00a0\u00bbdefault\u00a0\u00bb column_direction=\u00a0\u00bbdefault\u00a0\u00bb column_direction_tablet=\u00a0\u00bbdefault\u00a0\u00bb column_direction_phone=\u00a0\u00bbdefault\u00a0\u00bb scene_position=\u00a0\u00bbcenter\u00a0\u00bb text_color=\u00a0\u00bbdark\u00a0\u00bb text_align=\u00a0\u00bbleft\u00a0\u00bb row_border_radius=\u00a0\u00bbnone\u00a0\u00bb row_border_radius_applies=\u00a0\u00bbbg\u00a0\u00bb overflow=\u00a0\u00bbdefault\u00a0\u00bb overlay_strength=\u00a0\u00bb0.3&Prime; gradient_direction=\u00a0\u00bbleft_to_right\u00a0\u00bb shape_divider_position=\u00a0\u00bbbottom\u00a0\u00bb bg_image_animation=\u00a0\u00bbnone\u00a0\u00bb full_width=\u00a0\u00bbstretch_row\u00a0\u00bb css=\u00a0\u00bb.vc_custom_1573343415862{padding-top: 47px !important;padding-bottom: 47px !important;}\u00a0\u00bb][vc_column column_padding=\u00a0\u00bbno-extra-padding\u00a0\u00bb column_padding_tablet=\u00a0\u00bbinherit\u00a0\u00bb column_padding_phone=\u00a0\u00bbinherit\u00a0\u00bb column_padding_position=\u00a0\u00bball\u00a0\u00bb column_element_direction_desktop=\u00a0\u00bbdefault\u00a0\u00bb column_element_spacing=\u00a0\u00bbdefault\u00a0\u00bb desktop_text_alignment=\u00a0\u00bbdefault\u00a0\u00bb tablet_text_alignment=\u00a0\u00bbdefault\u00a0\u00bb phone_text_alignment=\u00a0\u00bbdefault\u00a0\u00bb background_color_opacity=\u00a0\u00bb1&Prime; background_hover_color_opacity=\u00a0\u00bb1&Prime; column_backdrop_filter=\u00a0\u00bbnone\u00a0\u00bb column_shadow=\u00a0\u00bbnone\u00a0\u00bb column_border_radius=\u00a0\u00bbnone\u00a0\u00bb column_link_target=\u00a0\u00bb_self\u00a0\u00bb column_position=\u00a0\u00bbdefault\u00a0\u00bb overflow=\u00a0\u00bbdefault\u00a0\u00bb gradient_direction=\u00a0\u00bbleft_to_right\u00a0\u00bb overlay_strength=\u00a0\u00bb0.3&Prime; width=\u00a0\u00bb1\/6&Prime; tablet_width_inherit=\u00a0\u00bbdefault\u00a0\u00bb animation_type=\u00a0\u00bbdefault\u00a0\u00bb bg_image_animation=\u00a0\u00bbnone\u00a0\u00bb border_type=\u00a0\u00bbsimple\u00a0\u00bb column_border_width=\u00a0\u00bbnone\u00a0\u00bb column_border_style=\u00a0\u00bbsolid\u00a0\u00bb css=\u00a0\u00bb.vc_custom_1573388221458{padding-bottom: 14px !important;}\u00a0\u00bb][\/vc_column][vc_column column_padding=\u00a0\u00bbno-extra-padding\u00a0\u00bb column_padding_tablet=\u00a0\u00bbinherit\u00a0\u00bb column_padding_phone=\u00a0\u00bbinherit\u00a0\u00bb column_padding_position=\u00a0\u00bball\u00a0\u00bb column_element_direction_desktop=\u00a0\u00bbdefault\u00a0\u00bb column_element_spacing=\u00a0\u00bbdefault\u00a0\u00bb desktop_text_alignment=\u00a0\u00bbdefault\u00a0\u00bb tablet_text_alignment=\u00a0\u00bbdefault\u00a0\u00bb phone_text_alignment=\u00a0\u00bbdefault\u00a0\u00bb background_color_opacity=\u00a0\u00bb1&Prime; background_hover_color_opacity=\u00a0\u00bb1&Prime; column_backdrop_filter=\u00a0\u00bbnone\u00a0\u00bb column_shadow=\u00a0\u00bbnone\u00a0\u00bb column_border_radius=\u00a0\u00bbnone\u00a0\u00bb column_link_target=\u00a0\u00bb_self\u00a0\u00bb column_position=\u00a0\u00bbdefault\u00a0\u00bb overflow=\u00a0\u00bbdefault\u00a0\u00bb gradient_direction=\u00a0\u00bbleft_to_right\u00a0\u00bb overlay_strength=\u00a0\u00bb0.3&Prime; width=\u00a0\u00bb3\/4&Prime; tablet_width_inherit=\u00a0\u00bbdefault\u00a0\u00bb animation_type=\u00a0\u00bbdefault\u00a0\u00bb bg_image_animation=\u00a0\u00bbnone\u00a0\u00bb border_type=\u00a0\u00bbsimple\u00a0\u00bb column_border_width=\u00a0\u00bbnone\u00a0\u00bb column_border_style=\u00a0\u00bbsolid\u00a0\u00bb css=\u00a0\u00bb.vc_custom_1573840478140{padding-top: 27px !important;padding-right: 27px !important;padding-bottom: 27px !important;padding-left: 27px !important;background-color: #f5f5f5 !important;}\u00a0\u00bb][vc_column_text css=\u00a0\u00bb.vc_custom_1756231861969{margin-top: 0px !important;margin-bottom: 0px !important;padding-top: 10px !important;padding-bottom: 10px !important;}\u00a0\u00bb text_direction=\u00a0\u00bbdefault\u00a0\u00bb]\n<h3 style=\"text-align: left;\"><span style=\"color: #019490;\"><strong>Politique de cookies<\/strong><\/span><\/h3>\n[\/vc_column_text][divider line_type=\u00a0\u00bbNo Line\u00a0\u00bb custom_height=\u00a0\u00bb21&Prime;][vc_column_text css=\u00a0\u00bb\u00a0\u00bb text_direction=\u00a0\u00bbdefault\u00a0\u00bb]<strong>Utilisation des cookies<br \/>\n<\/strong>Ce site utilise des cookies et des technologies similaires pour am\u00e9liorer votre navigation, analyser la fr\u00e9quentation et<br \/>\npersonnaliser certains contenus.<\/p>\n<p>Les cookies sont de petits fichiers enregistr\u00e9s sur votre appareil (ordinateur, mobile, tablette) lors de votre<br \/>\nnavigation. Ils permettent par exemple de m\u00e9moriser vos pr\u00e9f\u00e9rences, d\u2019assurer le bon fonctionnement du site ou de<br \/>\nmesurer son audience.<\/p>\n<p><strong>Pourquoi utilisons-nous des cookies ?<br \/>\n<\/strong>Nous utilisons des cookies pour :<br \/>\n<strong>\u2022<\/strong> Assurer le bon fonctionnement du site et de ses formulaires<br \/>\n<strong>\u2022<\/strong> M\u00e9moriser certaines pr\u00e9f\u00e9rences de navigation<br \/>\n<strong>\u2022<\/strong> Am\u00e9liorer la performance et l\u2019ergonomie du site (ex. : via Google Analytics)<br \/>\n<strong>\u2022<\/strong> Proposer, \u00e9ventuellement, des contenus ou publicit\u00e9s en lien avec vos int\u00e9r\u00eats<\/p>\n<p><strong>Cookies de partenaires<\/strong><br \/>\nDes cookies peuvent \u00e9galement \u00eatre d\u00e9pos\u00e9s par des outils tiers (ex. : solutions d\u2019analyse, r\u00e9seaux sociaux, services<br \/>\nd\u2019inscription).<\/p>\n<p>Aucune donn\u00e9e personnelle n\u2019est transmise \u00e0 des partenaires sans votre consentement explicite.<\/p>\n<p><strong>G\u00e9rer vos pr\u00e9f\u00e9rences<\/strong><br \/>\nVous pouvez accepter, refuser ou personnaliser l\u2019utilisation des cookies \u00e0 tout moment en cliquant sur le lien \u00ab\u00a0G\u00e9rer<br \/>\nmes cookies\u00a0\u00bb <span class=\"borlabs-cookie-open-dialog-preferences brlbs-cmpnt-container\" data-borlabs-cookie-title=\"G\u00e9rer mes cookies\" data-borlabs-cookie-type=\"button\" ><\/span>\n<p>Vous pouvez \u00e9galement configurer votre navigateur pour bloquer ou supprimer les cookies \u00e0 tout moment. Notez<br \/>\ntoutefois que certaines fonctionnalit\u00e9s du site peuvent ne plus fonctionner correctement en cas de d\u00e9sactivation.<\/p>\n<p><strong>Mise \u00e0 jour de la politique<br \/>\n<\/strong>Cette politique peut \u00eatre modifi\u00e9e \u00e0 tout moment. Nous vous invitons \u00e0 la consulter r\u00e9guli\u00e8rement.<\/p>\n<p>Derni\u00e8re mise \u00e0 jour : juillet 2025[\/vc_column_text][\/vc_column][vc_column column_padding=\u00a0\u00bbno-extra-padding\u00a0\u00bb column_padding_tablet=\u00a0\u00bbinherit\u00a0\u00bb column_padding_phone=\u00a0\u00bbinherit\u00a0\u00bb column_padding_position=\u00a0\u00bball\u00a0\u00bb column_element_direction_desktop=\u00a0\u00bbdefault\u00a0\u00bb column_element_spacing=\u00a0\u00bbdefault\u00a0\u00bb desktop_text_alignment=\u00a0\u00bbdefault\u00a0\u00bb tablet_text_alignment=\u00a0\u00bbdefault\u00a0\u00bb phone_text_alignment=\u00a0\u00bbdefault\u00a0\u00bb background_color_opacity=\u00a0\u00bb1&Prime; background_hover_color_opacity=\u00a0\u00bb1&Prime; column_backdrop_filter=\u00a0\u00bbnone\u00a0\u00bb column_shadow=\u00a0\u00bbnone\u00a0\u00bb column_border_radius=\u00a0\u00bbnone\u00a0\u00bb column_link_target=\u00a0\u00bb_self\u00a0\u00bb column_position=\u00a0\u00bbdefault\u00a0\u00bb overflow=\u00a0\u00bbdefault\u00a0\u00bb gradient_direction=\u00a0\u00bbleft_to_right\u00a0\u00bb overlay_strength=\u00a0\u00bb0.3&Prime; width=\u00a0\u00bb1\/12&Prime; tablet_width_inherit=\u00a0\u00bbdefault\u00a0\u00bb animation_type=\u00a0\u00bbdefault\u00a0\u00bb bg_image_animation=\u00a0\u00bbnone\u00a0\u00bb border_type=\u00a0\u00bbsimple\u00a0\u00bb column_border_width=\u00a0\u00bbnone\u00a0\u00bb column_border_style=\u00a0\u00bbsolid\u00a0\u00bb css=\u00a0\u00bb.vc_custom_1573387304663{padding-right: 27px !important;padding-left: 27px !important;}\u00a0\u00bb][\/vc_column][\/vc_row]\n","protected":false},"excerpt":{"rendered":"<p>[vc_row type=\u00a0\u00bbin_container\u00a0\u00bb full_screen_row_position=\u00a0\u00bbmiddle\u00a0\u00bb column_margin=\u00a0\u00bbdefault\u00a0\u00bb column_direction=\u00a0\u00bbdefault\u00a0\u00bb column_direction_tablet=\u00a0\u00bbdefault\u00a0\u00bb column_direction_phone=\u00a0\u00bbdefault\u00a0\u00bb scene_position=\u00a0\u00bbcenter\u00a0\u00bb text_color=\u00a0\u00bbdark\u00a0\u00bb text_align=\u00a0\u00bbleft\u00a0\u00bb row_border_radius=\u00a0\u00bbnone\u00a0\u00bb row_border_radius_applies=\u00a0\u00bbbg\u00a0\u00bb overflow=\u00a0\u00bbdefault\u00a0\u00bb overlay_strength=\u00a0\u00bb0.3&Prime; gradient_direction=\u00a0\u00bbleft_to_right\u00a0\u00bb shape_divider_position=\u00a0\u00bbbottom\u00a0\u00bb bg_image_animation=\u00a0\u00bbnone\u00a0\u00bb full_width=\u00a0\u00bbstretch_row\u00a0\u00bb css=\u00a0\u00bb.vc_custom_1573343415862{padding-top: 47px !important;padding-bottom: 47px !important;}\u00a0\u00bb][vc_column column_padding=\u00a0\u00bbno-extra-padding\u00a0\u00bb column_padding_tablet=\u00a0\u00bbinherit\u00a0\u00bb column_padding_phone=\u00a0\u00bbinherit\u00a0\u00bb column_padding_position=\u00a0\u00bball\u00a0\u00bb column_element_direction_desktop=\u00a0\u00bbdefault\u00a0\u00bb column_element_spacing=\u00a0\u00bbdefault\u00a0\u00bb desktop_text_alignment=\u00a0\u00bbdefault\u00a0\u00bb&#8230;<\/p>\n","protected":false},"author":8,"featured_media":0,"parent":0,"menu_order":0,"comment_status":"closed","ping_status":"closed","template":"","meta":{"footnotes":""},"class_list":["post-2373","page","type-page","status-publish"],"yoast_head":"<!-- This site is optimized with the Yoast SEO plugin v27.6 - https:\/\/yoast.com\/product\/yoast-seo-wordpress\/ -->\n<title>International High Shcool Fair | Politique de Cookies<\/title>\n<meta name=\"description\" content=\"International High Shcool Fair | Politique de Cookies, Utilisation des cookies Ce site utilise des cookies et des technologies similaires\" \/>\n<meta name=\"robots\" content=\"noindex, nofollow\" \/>\n<meta property=\"og:locale\" content=\"fr_FR\" \/>\n<meta property=\"og:type\" content=\"article\" \/>\n<meta property=\"og:title\" content=\"International High Shcool Fair | Politique de Cookies\" \/>\n<meta property=\"og:description\" content=\"International High Shcool Fair | Politique de Cookies, Utilisation des cookies Ce site utilise des cookies et des technologies similaires\" \/>\n<meta property=\"og:url\" content=\"https:\/\/internationalhighschoolfair.com\/fr\/politique-de-cookies\/\" \/>\n<meta property=\"og:site_name\" content=\"International High School Fair\" \/>\n<meta property=\"article:modified_time\" content=\"2025-09-11T16:12:52+00:00\" \/>\n<meta name=\"twitter:card\" content=\"summary_large_image\" \/>\n<meta name=\"twitter:label1\" content=\"Dur\u00e9e de lecture estim\u00e9e\" \/>\n\t<meta name=\"twitter:data1\" content=\"2 minutes\" \/>\n<script type=\"application\/ld+json\" class=\"yoast-schema-graph\">{\"@context\":\"https:\\\/\\\/schema.org\",\"@graph\":[{\"@type\":\"WebPage\",\"@id\":\"https:\\\/\\\/internationalhighschoolfair.com\\\/fr\\\/politique-de-cookies\\\/\",\"url\":\"https:\\\/\\\/internationalhighschoolfair.com\\\/fr\\\/politique-de-cookies\\\/\",\"name\":\"International High Shcool Fair | Politique de Cookies\",\"isPartOf\":{\"@id\":\"https:\\\/\\\/internationalhighschoolfair.com\\\/fr\\\/#website\"},\"datePublished\":\"2019-11-22T11:41:33+00:00\",\"dateModified\":\"2025-09-11T16:12:52+00:00\",\"description\":\"International High Shcool Fair | Politique de Cookies, Utilisation des cookies Ce site utilise des cookies et des technologies similaires\",\"breadcrumb\":{\"@id\":\"https:\\\/\\\/internationalhighschoolfair.com\\\/fr\\\/politique-de-cookies\\\/#breadcrumb\"},\"inLanguage\":\"fr-FR\",\"potentialAction\":[{\"@type\":\"ReadAction\",\"target\":[\"https:\\\/\\\/internationalhighschoolfair.com\\\/fr\\\/politique-de-cookies\\\/\"]}]},{\"@type\":\"BreadcrumbList\",\"@id\":\"https:\\\/\\\/internationalhighschoolfair.com\\\/fr\\\/politique-de-cookies\\\/#breadcrumb\",\"itemListElement\":[{\"@type\":\"ListItem\",\"position\":1,\"name\":\"Portada\",\"item\":\"https:\\\/\\\/internationalhighschoolfair.com\\\/fr\\\/\"},{\"@type\":\"ListItem\",\"position\":2,\"name\":\"Politique de Cookies\"}]},{\"@type\":\"WebSite\",\"@id\":\"https:\\\/\\\/internationalhighschoolfair.com\\\/fr\\\/#website\",\"url\":\"https:\\\/\\\/internationalhighschoolfair.com\\\/fr\\\/\",\"name\":\"International High School Fair\",\"description\":\"International High School Fair\",\"potentialAction\":[{\"@type\":\"SearchAction\",\"target\":{\"@type\":\"EntryPoint\",\"urlTemplate\":\"https:\\\/\\\/internationalhighschoolfair.com\\\/fr\\\/?s={search_term_string}\"},\"query-input\":{\"@type\":\"PropertyValueSpecification\",\"valueRequired\":true,\"valueName\":\"search_term_string\"}}],\"inLanguage\":\"fr-FR\"}]}<\/script>\n<!-- \/ Yoast SEO plugin. -->","yoast_head_json":{"title":"International High Shcool Fair | Politique de Cookies","description":"International High Shcool Fair | Politique de Cookies, Utilisation des cookies Ce site utilise des cookies et des technologies similaires","robots":{"index":"noindex","follow":"nofollow"},"og_locale":"fr_FR","og_type":"article","og_title":"International High Shcool Fair | Politique de Cookies","og_description":"International High Shcool Fair | Politique de Cookies, Utilisation des cookies Ce site utilise des cookies et des technologies similaires","og_url":"https:\/\/internationalhighschoolfair.com\/fr\/politique-de-cookies\/","og_site_name":"International High School Fair","article_modified_time":"2025-09-11T16:12:52+00:00","twitter_card":"summary_large_image","twitter_misc":{"Dur\u00e9e de lecture estim\u00e9e":"2 minutes"},"schema":{"@context":"https:\/\/schema.org","@graph":[{"@type":"WebPage","@id":"https:\/\/internationalhighschoolfair.com\/fr\/politique-de-cookies\/","url":"https:\/\/internationalhighschoolfair.com\/fr\/politique-de-cookies\/","name":"International High Shcool Fair | Politique de Cookies","isPartOf":{"@id":"https:\/\/internationalhighschoolfair.com\/fr\/#website"},"datePublished":"2019-11-22T11:41:33+00:00","dateModified":"2025-09-11T16:12:52+00:00","description":"International High Shcool Fair | Politique de Cookies, Utilisation des cookies Ce site utilise des cookies et des technologies similaires","breadcrumb":{"@id":"https:\/\/internationalhighschoolfair.com\/fr\/politique-de-cookies\/#breadcrumb"},"inLanguage":"fr-FR","potentialAction":[{"@type":"ReadAction","target":["https:\/\/internationalhighschoolfair.com\/fr\/politique-de-cookies\/"]}]},{"@type":"BreadcrumbList","@id":"https:\/\/internationalhighschoolfair.com\/fr\/politique-de-cookies\/#breadcrumb","itemListElement":[{"@type":"ListItem","position":1,"name":"Portada","item":"https:\/\/internationalhighschoolfair.com\/fr\/"},{"@type":"ListItem","position":2,"name":"Politique de Cookies"}]},{"@type":"WebSite","@id":"https:\/\/internationalhighschoolfair.com\/fr\/#website","url":"https:\/\/internationalhighschoolfair.com\/fr\/","name":"International High School Fair","description":"International High School Fair","potentialAction":[{"@type":"SearchAction","target":{"@type":"EntryPoint","urlTemplate":"https:\/\/internationalhighschoolfair.com\/fr\/?s={search_term_string}"},"query-input":{"@type":"PropertyValueSpecification","valueRequired":true,"valueName":"search_term_string"}}],"inLanguage":"fr-FR"}]}},"_links":{"self":[{"href":"https:\/\/internationalhighschoolfair.com\/fr\/wp-json\/wp\/v2\/pages\/2373","targetHints":{"allow":["GET"]}}],"collection":[{"href":"https:\/\/internationalhighschoolfair.com\/fr\/wp-json\/wp\/v2\/pages"}],"about":[{"href":"https:\/\/internationalhighschoolfair.com\/fr\/wp-json\/wp\/v2\/types\/page"}],"author":[{"embeddable":true,"href":"https:\/\/internationalhighschoolfair.com\/fr\/wp-json\/wp\/v2\/users\/8"}],"replies":[{"embeddable":true,"href":"https:\/\/internationalhighschoolfair.com\/fr\/wp-json\/wp\/v2\/comments?post=2373"}],"version-history":[{"count":6,"href":"https:\/\/internationalhighschoolfair.com\/fr\/wp-json\/wp\/v2\/pages\/2373\/revisions"}],"predecessor-version":[{"id":9692,"href":"https:\/\/internationalhighschoolfair.com\/fr\/wp-json\/wp\/v2\/pages\/2373\/revisions\/9692"}],"wp:attachment":[{"href":"https:\/\/internationalhighschoolfair.com\/fr\/wp-json\/wp\/v2\/media?parent=2373"}],"curies":[{"name":"wp","href":"https:\/\/api.w.org\/{rel}","templated":true}]}}