{"id":2373,"date":"2019-11-22T12:41:33","date_gmt":"2019-11-22T11:41:33","guid":{"rendered":"https:\/\/planealia.net\/mid024\/?page_id=2373"},"modified":"2025-09-12T11:20:49","modified_gmt":"2025-09-12T09:20:49","slug":"cookies","status":"publish","type":"page","link":"https:\/\/internationalhighschoolfair.com\/it\/cookies\/","title":{"rendered":"Informativa sull&#8217;utilizzo dei cookie"},"content":{"rendered":"[vc_row type=&#8221;in_container&#8221; full_screen_row_position=&#8221;middle&#8221; column_margin=&#8221;default&#8221; column_direction=&#8221;default&#8221; column_direction_tablet=&#8221;default&#8221; column_direction_phone=&#8221;default&#8221; scene_position=&#8221;center&#8221; text_color=&#8221;dark&#8221; text_align=&#8221;left&#8221; row_border_radius=&#8221;none&#8221; row_border_radius_applies=&#8221;bg&#8221; overflow=&#8221;default&#8221; overlay_strength=&#8221;0.3&#8243; gradient_direction=&#8221;left_to_right&#8221; shape_divider_position=&#8221;bottom&#8221; bg_image_animation=&#8221;none&#8221; full_width=&#8221;stretch_row&#8221; css=&#8221;.vc_custom_1573343415862{padding-top: 47px !important;padding-bottom: 47px !important;}&#8221;][vc_column column_padding=&#8221;no-extra-padding&#8221; column_padding_tablet=&#8221;inherit&#8221; column_padding_phone=&#8221;inherit&#8221; column_padding_position=&#8221;all&#8221; column_element_direction_desktop=&#8221;default&#8221; column_element_spacing=&#8221;default&#8221; desktop_text_alignment=&#8221;default&#8221; tablet_text_alignment=&#8221;default&#8221; phone_text_alignment=&#8221;default&#8221; background_color_opacity=&#8221;1&#8243; background_hover_color_opacity=&#8221;1&#8243; column_backdrop_filter=&#8221;none&#8221; column_shadow=&#8221;none&#8221; column_border_radius=&#8221;none&#8221; column_link_target=&#8221;_self&#8221; column_position=&#8221;default&#8221; overflow=&#8221;default&#8221; gradient_direction=&#8221;left_to_right&#8221; overlay_strength=&#8221;0.3&#8243; width=&#8221;3\/4&#8243; tablet_width_inherit=&#8221;default&#8221; animation_type=&#8221;default&#8221; bg_image_animation=&#8221;none&#8221; border_type=&#8221;simple&#8221; column_border_width=&#8221;none&#8221; column_border_style=&#8221;solid&#8221; css=&#8221;.vc_custom_1573840478140{padding-top: 27px !important;padding-right: 27px !important;padding-bottom: 27px !important;padding-left: 27px !important;background-color: #f5f5f5 !important;}&#8221;][vc_column_text css=&#8221;.vc_custom_1757668534801{margin-top: 0px !important;margin-bottom: 0px !important;padding-top: 10px !important;padding-bottom: 10px !important;}&#8221; text_direction=&#8221;default&#8221;]\n<h4 style=\"text-align: left;\">Informativa sulla Privacy relativa all&#8217;uso dei cookie<\/h4>\n[\/vc_column_text][vc_column_text css=&#8221;&#8221; text_direction=&#8221;default&#8221;]\n<h1 class=\"text-2xl font-bold mt-1 text-text-100\">Uso di cookie e tecnologie simili<\/h1>\n<p class=\"whitespace-normal break-words\">I cookie sono piccoli file che consentono alle pagine web di raccogliere e archiviare una serie di dati sul tuo computer desktop, laptop e dispositivo mobile. I cookie ci aiutano a offrire funzionalit\u00e0 e caratteristiche importanti sui nostri siti web e nelle nostre applicazioni per dispositivi mobili e li utilizziamo per migliorare l&#8217;esperienza del cliente. Con il nostro permesso, altre organizzazioni possono inserire cookie sui nostri siti web e nelle nostre applicazioni per dispositivi mobili. Ad esempio, utilizziamo i cookie per fare quanto segue:<\/p>\n<h2 class=\"text-xl font-bold text-text-100 mt-1 -mb-0.5\">Per migliorare il funzionamento dei nostri siti web e delle nostre applicazioni per dispositivi mobili<\/h2>\n<p class=\"whitespace-normal break-words\">I cookie ci consentono di valutare e migliorare il modo in cui funzionano i nostri siti web e le nostre applicazioni mobili in modo da poter personalizzare l&#8217;esperienza del cliente e consentire loro di utilizzare le loro utili risorse. Ad esempio, i cookie ci aiutano a tracciare la tua prenotazione mentre procedi attraverso i passaggi del processo di contrattazione; ci aiutano a ricordare le tue preferenze come ricerche recenti o le vacanze preselezionate, cos\u00ec come i contenuti del tuo carrello della spesa online.<\/p>\n<h2 class=\"text-xl font-bold text-text-100 mt-1 -mb-0.5\">Per migliorare le prestazioni dei nostri siti web e applicazioni per dispositivi mobili<\/h2>\n<p class=\"whitespace-normal break-words\">I cookie ci aiutano a comprendere come vengono utilizzati i nostri siti web e le nostre applicazioni per dispositivi mobili. Ad esempio, ci comunicano se i nostri clienti ricevono messaggi di errore durante la loro navigazione web; ci permettono di testare diversi design per le pagine dei nostri siti web e delle nostre applicazioni. L&#8217;analisi dei siti web, incluso Google Analytics, ci offre informazioni sul numero di visite ai nostri siti web e alle applicazioni per dispositivi mobili; quali parti dei nostri siti web e delle nostre applicazioni sono le pi\u00f9 popolari e di identificare tendenze come quale pagina specifica \u00e8 la pi\u00f9 visitata da ogni paese. Questi cookie ci aiutano a migliorare l&#8217;esperienza del cliente.<\/p>\n<h2 class=\"text-xl font-bold text-text-100 mt-1 -mb-0.5\">Per offrire pubblicit\u00e0 online rilevante<\/h2>\n<p class=\"whitespace-normal break-words\">Utilizziamo i cookie per poterti offrire pubblicit\u00e0 online che crediamo sar\u00e0 pi\u00f9 rilevante per te, sia sui nostri siti web che nelle nostre applicazioni per dispositivi mobili che sui siti web di altre organizzazioni. Ad esempio, questi cookie ci aiutano a suggerire destinazioni e programmi ai quali hai gi\u00e0 mostrato interesse cos\u00ec come prodotti che potrebbero piacerti.<\/p>\n<p class=\"whitespace-normal break-words\">Questi cookie possono raccogliere informazioni sul tuo comportamento di navigazione come il tuo indirizzo IP, il sito web da cui provieni e informazioni sulla tua cronologia di navigazione.<\/p>\n<p class=\"whitespace-normal break-words\">Ci\u00f2 implica che puoi vedere i nostri annunci sui nostri siti web, applicazioni per dispositivi mobili e sui siti web di altre organizzazioni. Inoltre, vedrai annunci di altre organizzazioni sui nostri siti web e nelle nostre applicazioni per dispositivi mobili.<\/p>\n<p class=\"whitespace-normal break-words\">Per aiutarci a offrirti pubblicit\u00e0 online che sia rilevante per te, possiamo anche combinare dati ottenuti attraverso il browser con dati ottenuti attraverso altri canali.<\/p>\n<h2 class=\"text-xl font-bold text-text-100 mt-1 -mb-0.5\">Per misurare l&#8217;efficacia della nostra pubblicit\u00e0, inclusa la pubblicit\u00e0 online<\/h2>\n<p class=\"whitespace-normal break-words\">I cookie possono indicarci se hai visto un annuncio specifico e quanto tempo \u00e8 trascorso da quando l&#8217;hai visto per l&#8217;ultima volta. Queste informazioni ci permettono di misurare l&#8217;efficacia delle nostre campagne pubblicitarie online e controllare il numero di volte che ti mostriamo un annuncio in modo che non diventi troppo ripetitivo. Inoltre, utilizziamo i cookie per misurare l&#8217;efficacia della nostra pubblicit\u00e0, ad esempio per sapere se hai aperto un&#8217;email pubblicitaria che ti abbiamo inviato.<\/p>\n<h2 class=\"text-xl font-bold text-text-100 mt-1 -mb-0.5\">Opzioni dei nostri clienti in relazione ai cookie<\/h2>\n<p class=\"whitespace-normal break-words\">Se lo desideri, puoi utilizzare le impostazioni del browser per accettare o rifiutare nuovi cookie e per cancellare i cookie esistenti. Inoltre, puoi configurare il tuo browser per ricevere notifiche ogni volta che vengono inseriti cookie sul tuo computer o sul dispositivo che stai utilizzando.<\/p>\n<p class=\"whitespace-normal break-words\">Se decidi di disabilitare totalmente o parzialmente i cookie, \u00e8 possibile che tu non possa utilizzare tutte le funzionalit\u00e0 dei nostri siti web o delle nostre applicazioni per dispositivi mobili.<\/p>\n<p class=\"whitespace-normal break-words\">Quando mostriamo annunci personalizzati sui siti web di altre organizzazioni, normalmente verr\u00e0 mostrata l&#8217;icona &#8216;AdChoices&#8217;. Cliccando su questa icona potrai ricevere informazioni specifiche su come controllare le tue preferenze di pubblicit\u00e0 online.<\/p>\n<h2 class=\"text-xl font-bold text-text-100 mt-1 -mb-0.5\">Modifica del consenso iniziale<\/h2>\n<p class=\"whitespace-normal break-words\">In qualsiasi momento puoi cambiare o ritirare il tuo consenso cliccando qui <span class=\"borlabs-cookie-open-dialog-preferences brlbs-cmpnt-container\" data-borlabs-cookie-title=\"Modificare consenso\" data-borlabs-cookie-type=\"button\" ><\/span> selezionando le modifiche che desideri apportare e cliccando successivamente su SALVA. Ottieni maggiori informazioni su chi siamo, come puoi contattarci e come trattiamo i dati personali nella nostra Informativa sulla Privacy.<\/p>\n<h2 class=\"text-xl font-bold text-text-100 mt-1 -mb-0.5\">Modifiche della nostra Informativa sulla Protezione dei Dati<\/h2>\n<p class=\"whitespace-normal break-words\">La presente Informativa sulla Privacy sostituisce tutte le versioni precedenti. Ci riserviamo il diritto di modificare la nostra Informativa sulla Privacy in qualsiasi momento, pertanto ti preghiamo di visitare regolarmente la nostra pagina web per conoscere eventuali novit\u00e0. Nel caso in cui le modifiche siano significative, mostreremo una notifica ben visibile sui nostri siti web.<\/p>\n<p class=\"whitespace-normal break-words\"><strong>Ultimo aggiornamento:<\/strong> 24\/05\/2018<\/p>\n<h2 class=\"text-xl font-bold text-text-100 mt-1 -mb-0.5\">Definizione di termini chiave:<\/h2>\n<p class=\"whitespace-normal break-words\"><strong>Analisi dei siti web:<\/strong> L&#8217;analisi dei siti web, incluso Google Analytics, ci aiuta a comprendere come i visitatori interagiscono con i nostri siti web. Possiamo consultare tutta una serie di report sull&#8217;interazione dei visitatori con i nostri siti web e sull&#8217;uso delle nostre applicazioni per dispositivi mobili al fine di migliorarli.<\/p>\n<p class=\"whitespace-normal break-words\">L&#8217;analisi dei siti web utilizza cookie di prima parte per tracciare le interazioni delle visite al web, come nel nostro caso in cui vengono utilizzati per raccogliere informazioni sul modo in cui gli utenti utilizzano i nostri siti web e le nostre applicazioni per dispositivi mobili. Successivamente utilizziamo queste informazioni per preparare report e per aiutarci a migliorare i nostri siti e applicazioni.<\/p>\n<p class=\"whitespace-normal break-words\">Ad esempio, Google Analytics raccoglie informazioni in modo anonimo. I report presentati offrono tendenze di consumo web senza identificare le visite in modo individualizzato. \u00c8 possibile scegliere di impedire a Google Analytics di effettuare il tracciamento senza che ci\u00f2 influisca sulla tua visita ai nostri siti web. Per maggiori informazioni su come scegliere che Google Analytics non effettui il tracciamento attraverso tutti i siti web che utilizzi, visita Google.<\/p>\n<p class=\"whitespace-normal break-words\"><strong>Pubblicit\u00e0 online:<\/strong> Messaggi pubblicitari che puoi vedere su internet.<\/p>\n[\/vc_column_text][\/vc_column][vc_column column_padding=&#8221;no-extra-padding&#8221; column_padding_tablet=&#8221;inherit&#8221; column_padding_phone=&#8221;inherit&#8221; column_padding_position=&#8221;all&#8221; column_element_direction_desktop=&#8221;default&#8221; column_element_spacing=&#8221;default&#8221; desktop_text_alignment=&#8221;default&#8221; tablet_text_alignment=&#8221;default&#8221; phone_text_alignment=&#8221;default&#8221; background_color_opacity=&#8221;1&#8243; background_hover_color_opacity=&#8221;1&#8243; column_backdrop_filter=&#8221;none&#8221; column_shadow=&#8221;none&#8221; column_border_radius=&#8221;none&#8221; column_link_target=&#8221;_self&#8221; column_position=&#8221;default&#8221; overflow=&#8221;default&#8221; gradient_direction=&#8221;left_to_right&#8221; overlay_strength=&#8221;0.3&#8243; width=&#8221;1\/12&#8243; tablet_width_inherit=&#8221;default&#8221; animation_type=&#8221;default&#8221; bg_image_animation=&#8221;none&#8221; border_type=&#8221;simple&#8221; column_border_width=&#8221;none&#8221; column_border_style=&#8221;solid&#8221; css=&#8221;.vc_custom_1573387304663{padding-right: 27px !important;padding-left: 27px !important;}&#8221;][\/vc_column][\/vc_row]\n","protected":false},"excerpt":{"rendered":"<p>[vc_row type=&#8221;in_container&#8221; full_screen_row_position=&#8221;middle&#8221; column_margin=&#8221;default&#8221; column_direction=&#8221;default&#8221; column_direction_tablet=&#8221;default&#8221; column_direction_phone=&#8221;default&#8221; scene_position=&#8221;center&#8221; text_color=&#8221;dark&#8221; text_align=&#8221;left&#8221; row_border_radius=&#8221;none&#8221; row_border_radius_applies=&#8221;bg&#8221; overflow=&#8221;default&#8221; overlay_strength=&#8221;0.3&#8243; gradient_direction=&#8221;left_to_right&#8221; shape_divider_position=&#8221;bottom&#8221; bg_image_animation=&#8221;none&#8221; full_width=&#8221;stretch_row&#8221; css=&#8221;.vc_custom_1573343415862{padding-top: 47px !important;padding-bottom: 47px !important;}&#8221;][vc_column column_padding=&#8221;no-extra-padding&#8221; column_padding_tablet=&#8221;inherit&#8221; column_padding_phone=&#8221;inherit&#8221; column_padding_position=&#8221;all&#8221; column_element_direction_desktop=&#8221;default&#8221; column_element_spacing=&#8221;default&#8221; desktop_text_alignment=&#8221;default&#8221;&#8230;<\/p>\n","protected":false},"author":8,"featured_media":0,"parent":0,"menu_order":0,"comment_status":"closed","ping_status":"closed","template":"","meta":{"footnotes":""},"class_list":["post-2373","page","type-page","status-publish"],"yoast_head":"<!-- This site is optimized with the Yoast SEO plugin v27.6 - https:\/\/yoast.com\/product\/yoast-seo-wordpress\/ -->\n<title>Get Ready | Pol\u00edtica de cookies<\/title>\n<meta name=\"description\" content=\"Utilizamos cookies para que tu visita a nuestro sitio web sea lo m\u00e1s agradable posible. Puedes desactivar esta funci\u00f3n en la configuraci\u00f3n de tu navegador.\" \/>\n<meta name=\"robots\" content=\"noindex, nofollow\" \/>\n<meta property=\"og:locale\" content=\"it_IT\" \/>\n<meta property=\"og:type\" content=\"article\" \/>\n<meta property=\"og:title\" content=\"Get Ready | Pol\u00edtica de cookies\" \/>\n<meta property=\"og:description\" content=\"Utilizamos cookies para que tu visita a nuestro sitio web sea lo m\u00e1s agradable posible. Puedes desactivar esta funci\u00f3n en la configuraci\u00f3n de tu navegador.\" \/>\n<meta property=\"og:url\" content=\"https:\/\/internationalhighschoolfair.com\/it\/cookies\/\" \/>\n<meta property=\"og:site_name\" content=\"International High School Fair\" \/>\n<meta property=\"article:modified_time\" content=\"2025-09-12T09:20:49+00:00\" \/>\n<meta name=\"twitter:card\" content=\"summary_large_image\" \/>\n<meta name=\"twitter:label1\" content=\"Tempo di lettura stimato\" \/>\n\t<meta name=\"twitter:data1\" content=\"6 minuti\" \/>\n<script type=\"application\/ld+json\" class=\"yoast-schema-graph\">{\"@context\":\"https:\\\/\\\/schema.org\",\"@graph\":[{\"@type\":\"WebPage\",\"@id\":\"https:\\\/\\\/internationalhighschoolfair.com\\\/it\\\/cookies\\\/\",\"url\":\"https:\\\/\\\/internationalhighschoolfair.com\\\/it\\\/cookies\\\/\",\"name\":\"Get Ready | Pol\u00edtica de cookies\",\"isPartOf\":{\"@id\":\"https:\\\/\\\/internationalhighschoolfair.com\\\/it\\\/#website\"},\"datePublished\":\"2019-11-22T11:41:33+00:00\",\"dateModified\":\"2025-09-12T09:20:49+00:00\",\"description\":\"Utilizamos cookies para que tu visita a nuestro sitio web sea lo m\u00e1s agradable posible. Puedes desactivar esta funci\u00f3n en la configuraci\u00f3n de tu navegador.\",\"breadcrumb\":{\"@id\":\"https:\\\/\\\/internationalhighschoolfair.com\\\/it\\\/cookies\\\/#breadcrumb\"},\"inLanguage\":\"it-IT\",\"potentialAction\":[{\"@type\":\"ReadAction\",\"target\":[\"https:\\\/\\\/internationalhighschoolfair.com\\\/it\\\/cookies\\\/\"]}]},{\"@type\":\"BreadcrumbList\",\"@id\":\"https:\\\/\\\/internationalhighschoolfair.com\\\/it\\\/cookies\\\/#breadcrumb\",\"itemListElement\":[{\"@type\":\"ListItem\",\"position\":1,\"name\":\"Portada\",\"item\":\"https:\\\/\\\/internationalhighschoolfair.com\\\/it\\\/\"},{\"@type\":\"ListItem\",\"position\":2,\"name\":\"Informativa sull&#8217;utilizzo dei cookie\"}]},{\"@type\":\"WebSite\",\"@id\":\"https:\\\/\\\/internationalhighschoolfair.com\\\/it\\\/#website\",\"url\":\"https:\\\/\\\/internationalhighschoolfair.com\\\/it\\\/\",\"name\":\"International High School Fair\",\"description\":\"International High School Fair Italy\",\"potentialAction\":[{\"@type\":\"SearchAction\",\"target\":{\"@type\":\"EntryPoint\",\"urlTemplate\":\"https:\\\/\\\/internationalhighschoolfair.com\\\/it\\\/?s={search_term_string}\"},\"query-input\":{\"@type\":\"PropertyValueSpecification\",\"valueRequired\":true,\"valueName\":\"search_term_string\"}}],\"inLanguage\":\"it-IT\"}]}<\/script>\n<!-- \/ Yoast SEO plugin. -->","yoast_head_json":{"title":"Get Ready | Pol\u00edtica de cookies","description":"Utilizamos cookies para que tu visita a nuestro sitio web sea lo m\u00e1s agradable posible. Puedes desactivar esta funci\u00f3n en la configuraci\u00f3n de tu navegador.","robots":{"index":"noindex","follow":"nofollow"},"og_locale":"it_IT","og_type":"article","og_title":"Get Ready | Pol\u00edtica de cookies","og_description":"Utilizamos cookies para que tu visita a nuestro sitio web sea lo m\u00e1s agradable posible. Puedes desactivar esta funci\u00f3n en la configuraci\u00f3n de tu navegador.","og_url":"https:\/\/internationalhighschoolfair.com\/it\/cookies\/","og_site_name":"International High School Fair","article_modified_time":"2025-09-12T09:20:49+00:00","twitter_card":"summary_large_image","twitter_misc":{"Tempo di lettura stimato":"6 minuti"},"schema":{"@context":"https:\/\/schema.org","@graph":[{"@type":"WebPage","@id":"https:\/\/internationalhighschoolfair.com\/it\/cookies\/","url":"https:\/\/internationalhighschoolfair.com\/it\/cookies\/","name":"Get Ready | Pol\u00edtica de cookies","isPartOf":{"@id":"https:\/\/internationalhighschoolfair.com\/it\/#website"},"datePublished":"2019-11-22T11:41:33+00:00","dateModified":"2025-09-12T09:20:49+00:00","description":"Utilizamos cookies para que tu visita a nuestro sitio web sea lo m\u00e1s agradable posible. Puedes desactivar esta funci\u00f3n en la configuraci\u00f3n de tu navegador.","breadcrumb":{"@id":"https:\/\/internationalhighschoolfair.com\/it\/cookies\/#breadcrumb"},"inLanguage":"it-IT","potentialAction":[{"@type":"ReadAction","target":["https:\/\/internationalhighschoolfair.com\/it\/cookies\/"]}]},{"@type":"BreadcrumbList","@id":"https:\/\/internationalhighschoolfair.com\/it\/cookies\/#breadcrumb","itemListElement":[{"@type":"ListItem","position":1,"name":"Portada","item":"https:\/\/internationalhighschoolfair.com\/it\/"},{"@type":"ListItem","position":2,"name":"Informativa sull&#8217;utilizzo dei cookie"}]},{"@type":"WebSite","@id":"https:\/\/internationalhighschoolfair.com\/it\/#website","url":"https:\/\/internationalhighschoolfair.com\/it\/","name":"International High School Fair","description":"International High School Fair Italy","potentialAction":[{"@type":"SearchAction","target":{"@type":"EntryPoint","urlTemplate":"https:\/\/internationalhighschoolfair.com\/it\/?s={search_term_string}"},"query-input":{"@type":"PropertyValueSpecification","valueRequired":true,"valueName":"search_term_string"}}],"inLanguage":"it-IT"}]}},"_links":{"self":[{"href":"https:\/\/internationalhighschoolfair.com\/it\/wp-json\/wp\/v2\/pages\/2373","targetHints":{"allow":["GET"]}}],"collection":[{"href":"https:\/\/internationalhighschoolfair.com\/it\/wp-json\/wp\/v2\/pages"}],"about":[{"href":"https:\/\/internationalhighschoolfair.com\/it\/wp-json\/wp\/v2\/types\/page"}],"author":[{"embeddable":true,"href":"https:\/\/internationalhighschoolfair.com\/it\/wp-json\/wp\/v2\/users\/8"}],"replies":[{"embeddable":true,"href":"https:\/\/internationalhighschoolfair.com\/it\/wp-json\/wp\/v2\/comments?post=2373"}],"version-history":[{"count":7,"href":"https:\/\/internationalhighschoolfair.com\/it\/wp-json\/wp\/v2\/pages\/2373\/revisions"}],"predecessor-version":[{"id":9679,"href":"https:\/\/internationalhighschoolfair.com\/it\/wp-json\/wp\/v2\/pages\/2373\/revisions\/9679"}],"wp:attachment":[{"href":"https:\/\/internationalhighschoolfair.com\/it\/wp-json\/wp\/v2\/media?parent=2373"}],"curies":[{"name":"wp","href":"https:\/\/api.w.org\/{rel}","templated":true}]}}