{"id":2373,"date":"2019-11-22T12:41:33","date_gmt":"2019-11-22T11:41:33","guid":{"rendered":"https:\/\/planealia.net\/mid024\/?page_id=2373"},"modified":"2025-09-24T15:24:46","modified_gmt":"2025-09-24T13:24:46","slug":"cookies","status":"publish","type":"page","link":"https:\/\/internationalhighschoolfair.com\/pl\/cookies\/","title":{"rendered":"Polityka cookies"},"content":{"rendered":"[vc_row type=&#8221;in_container&#8221; full_screen_row_position=&#8221;middle&#8221; column_margin=&#8221;default&#8221; column_direction=&#8221;default&#8221; column_direction_tablet=&#8221;default&#8221; column_direction_phone=&#8221;default&#8221; scene_position=&#8221;center&#8221; text_color=&#8221;dark&#8221; text_align=&#8221;left&#8221; row_border_radius=&#8221;none&#8221; row_border_radius_applies=&#8221;bg&#8221; overflow=&#8221;default&#8221; overlay_strength=&#8221;0.3&#8243; gradient_direction=&#8221;left_to_right&#8221; shape_divider_position=&#8221;bottom&#8221; bg_image_animation=&#8221;none&#8221; full_width=&#8221;stretch_row&#8221; css=&#8221;.vc_custom_1573343415862{padding-top: 47px !important;padding-bottom: 47px !important;}&#8221;][vc_column column_padding=&#8221;no-extra-padding&#8221; column_padding_tablet=&#8221;inherit&#8221; column_padding_phone=&#8221;inherit&#8221; column_padding_position=&#8221;all&#8221; column_element_direction_desktop=&#8221;default&#8221; column_element_spacing=&#8221;default&#8221; desktop_text_alignment=&#8221;default&#8221; tablet_text_alignment=&#8221;default&#8221; phone_text_alignment=&#8221;default&#8221; background_color_opacity=&#8221;1&#8243; background_hover_color_opacity=&#8221;1&#8243; column_backdrop_filter=&#8221;none&#8221; column_shadow=&#8221;none&#8221; column_border_radius=&#8221;none&#8221; column_link_target=&#8221;_self&#8221; column_position=&#8221;default&#8221; overflow=&#8221;default&#8221; gradient_direction=&#8221;left_to_right&#8221; overlay_strength=&#8221;0.3&#8243; width=&#8221;1\/6&#8243; tablet_width_inherit=&#8221;default&#8221; animation_type=&#8221;default&#8221; bg_image_animation=&#8221;none&#8221; border_type=&#8221;simple&#8221; column_border_width=&#8221;none&#8221; column_border_style=&#8221;solid&#8221; css=&#8221;.vc_custom_1573388221458{padding-bottom: 14px !important;}&#8221;][vc_column_text css=&#8221;.vc_custom_1758720151048{margin-top: 0px !important;margin-bottom: 0px !important;padding-top: 10px !important;padding-bottom: 10px !important;}&#8221; text_direction=&#8221;default&#8221;]\n<h2 style=\"text-align: center;\">Polityka <span style=\"color: #019490;\"><strong>Cookies<\/strong><\/span><\/h2>\n[\/vc_column_text][\/vc_column][vc_column column_padding=&#8221;no-extra-padding&#8221; column_padding_tablet=&#8221;inherit&#8221; column_padding_phone=&#8221;inherit&#8221; column_padding_position=&#8221;all&#8221; column_element_direction_desktop=&#8221;default&#8221; column_element_spacing=&#8221;default&#8221; desktop_text_alignment=&#8221;default&#8221; tablet_text_alignment=&#8221;default&#8221; phone_text_alignment=&#8221;default&#8221; background_color_opacity=&#8221;1&#8243; background_hover_color_opacity=&#8221;1&#8243; column_backdrop_filter=&#8221;none&#8221; column_shadow=&#8221;none&#8221; column_border_radius=&#8221;none&#8221; column_link_target=&#8221;_self&#8221; column_position=&#8221;default&#8221; overflow=&#8221;default&#8221; gradient_direction=&#8221;left_to_right&#8221; overlay_strength=&#8221;0.3&#8243; width=&#8221;3\/4&#8243; tablet_width_inherit=&#8221;default&#8221; animation_type=&#8221;default&#8221; bg_image_animation=&#8221;none&#8221; border_type=&#8221;simple&#8221; column_border_width=&#8221;none&#8221; column_border_style=&#8221;solid&#8221; css=&#8221;.vc_custom_1573840478140{padding-top: 27px !important;padding-right: 27px !important;padding-bottom: 27px !important;padding-left: 27px !important;background-color: #f5f5f5 !important;}&#8221;][vc_column_text css=&#8221;.vc_custom_1758720283031{margin-top: 0px !important;margin-bottom: 0px !important;padding-top: 10px !important;padding-bottom: 10px !important;}&#8221; text_direction=&#8221;default&#8221;]\n<h4 style=\"text-align: left;\"><span style=\"color: #019490;\"><strong>Polityka prywatno\u015bci dotycz\u0105ca korzystania z plik\u00f3w cookies<\/strong><\/span><\/h4>\n[\/vc_column_text][vc_column_text css=&#8221;&#8221; text_direction=&#8221;default&#8221;]\n<h2 id=\"h-about-cookies-and-similar-technologies\" class=\"wp-block-heading\">O plikach cookies i podobnych technologiach<\/h2>\n<p>Pliki cookie to ma\u0142e pliki danych, kt\u00f3re umo\u017cliwiaj\u0105 stronie internetowej lub aplikacji mobilnej gromadzenie i przechowywanie szeregu danych na komputerze stacjonarnym, laptopie lub urz\u0105dzeniu mobilnym. Pliki cookie pomagaj\u0105 nam udost\u0119pnia\u0107 wa\u017cne funkcje i funkcjonalno\u015bci w naszych witrynach internetowych i aplikacjach mobilnych, a tak\u017ce wykorzystujemy je do poprawy jako\u015bci obs\u0142ugi klienta. Za nasz\u0105 zgod\u0105 pliki cookie mog\u0105 by\u0107 umieszczane w naszych witrynach internetowych i aplikacjach mobilnych przez inne organizacje. Przyk\u0142adowo, u\u017cywamy plik\u00f3w cookie do nast\u0119puj\u0105cych czynno\u015bci:<\/p>\n<p><strong>Aby poprawi\u0107 spos\u00f3b dzia\u0142ania naszych stron internetowych i aplikacji mobilnych<\/strong><\/p>\n<p>Pliki cookie pozwalaj\u0105 nam oceni\u0107 i udoskonali\u0107 spos\u00f3b dzia\u0142ania naszych stron internetowych i aplikacji mobilnych, dzi\u0119ki czemu mo\u017cemy spersonalizowa\u0107 Twoje do\u015bwiadczenia i umo\u017cliwi\u0107 korzystanie z wielu przydatnych funkcji. Przyk\u0142adowo, pliki cookie pomagaj\u0105 nam \u015bledzi\u0107, co rezerwujesz na ka\u017cdym etapie procesu rezerwacji; pomagaj\u0105 nam zapami\u0119ta\u0107 Twoje preferencje, takie jak ostatnie wyszukiwania lub kr\u00f3tkie wakacje, a tak\u017ce zawarto\u015b\u0107 Twojego koszyka zakup\u00f3w online.<\/p>\n<p><strong>Aby poprawi\u0107 wydajno\u015b\u0107 naszych stron internetowych i aplikacji mobilnych<\/strong><\/p>\n<p>Pliki cookie mog\u0105 pom\u00f3c nam zrozumie\u0107, w jaki spos\u00f3b wykorzystywane s\u0105 nasze strony internetowe i aplikacje mobilne, na przyk\u0142ad informuj\u0105c nas o pojawieniu si\u0119 komunikatu o b\u0142\u0119dzie podczas przegl\u0105dania, aby przetestowa\u0107 r\u00f3\u017cne projekty naszej witryny i stron aplikacji mobilnych. Analityka internetowa, w tym Google Analytics, dostarcza informacji o liczbie os\u00f3b odwiedzaj\u0105cych nasz\u0105 witryn\u0119 i aplikacje mobilne, kt\u00f3re cz\u0119\u015bci naszej witryny i aplikacji mobilnych s\u0105 najbardziej popularne oraz czy istniej\u0105 jakie\u015b trendy, takie jak np. dany kraj. Te pliki cookie pomagaj\u0105 nam poprawi\u0107 Twoje wra\u017cenia.<\/p>\n<p><strong>Dob\u00f3r odpowiednich reklam online<\/strong><\/p>\n<p>U\u017cywamy plik\u00f3w cookie, aby mie\u0107 mo\u017cliwo\u015b\u0107 dostarczania reklam online, kt\u00f3re naszym zdaniem s\u0105 najbardziej odpowiednie dla Ciebie w naszych witrynach internetowych, aplikacjach mobilnych i witrynach internetowych innych organizacji. Na przyk\u0142ad te pliki cookie pomagaj\u0105 nam sugerowa\u0107 miejsca docelowe i programy, kt\u00f3rymi by\u0142e\u015b zainteresowany lub produkty, kt\u00f3re mog\u0105 Ci si\u0119 spodoba\u0107.<\/p>\n<p>Te pliki cookie mog\u0105 zatem gromadzi\u0107 dane dotycz\u0105ce Twojego zachowania w sieci, takie jak adres IP, witryna, z kt\u00f3rej do niej wszed\u0142e\u015b oraz informacje o historii przegl\u0105dania.<\/p>\n<p>Oznacza to, \u017ce mo\u017cesz zobaczy\u0107 nasze reklamy na naszych stronach internetowych, w aplikacjach mobilnych i na stronach internetowych innych organizacji. Mo\u017cesz tak\u017ce zobaczy\u0107 reklamy innych organizacji na naszych stronach internetowych i w aplikacjach mobilnych.<\/p>\n<p>Aby pom\u00f3c nam w dostarczaniu reklam online, kt\u00f3re s\u0105 dla Ciebie odpowiednie, mo\u017cemy r\u00f3wnie\u017c \u0142\u0105czy\u0107 dane, kt\u00f3re zbieramy za pomoc\u0105 plik\u00f3w cookie w przegl\u0105darce Twoich urz\u0105dze\u0144, z innymi danymi, kt\u00f3re zebrali\u015bmy.<\/p>\n<p><strong>Aby mierzy\u0107 skuteczno\u015b\u0107 naszej komunikacji marketingowej, w tym reklamy online<\/strong><\/p>\n<p>Pliki cookie mog\u0105 nam powiedzie\u0107, czy widzia\u0142e\u015b okre\u015blon\u0105 reklam\u0119 i ile czasu min\u0119\u0142o od jej obejrzenia. Informacje te pozwalaj\u0105 nam mierzy\u0107 skuteczno\u015b\u0107 naszych internetowych kampanii reklamowych i kontrolowa\u0107, ile razy wy\u015bwietlana jest dana reklama, aby nie sta\u0142a si\u0119 ona zbyt powtarzalna. U\u017cywamy r\u00f3wnie\u017c plik\u00f3w cookie do mierzenia skuteczno\u015bci naszej komunikacji marketingowej, na przyk\u0142ad informuj\u0105c nas, czy otworzy\u0142e\u015b marketingow\u0105 wiadomo\u015b\u0107 e-mail, kt\u00f3r\u0105 do Ciebie wys\u0142ali\u015bmy.<\/p>\n<p><strong>Twoje wybory w zakresie plik\u00f3w cookie<\/strong><\/p>\n<p>Mo\u017cesz u\u017cy\u0107 ustawie\u0144 przegl\u0105darki, aby zaakceptowa\u0107 lub odrzuci\u0107 nowe pliki cookie oraz usun\u0105\u0107 istniej\u0105ce pliki cookie. Mo\u017cesz r\u00f3wnie\u017c ustawi\u0107 swoj\u0105 przegl\u0105dark\u0119 tak, aby powiadamia\u0142a Ci\u0119 za ka\u017cdym razem, gdy nowe pliki cookie zostan\u0105 umieszczone na Twoim komputerze lub innym urz\u0105dzeniu.<\/p>\n<p>Je\u015bli zdecydujesz si\u0119 wy\u0142\u0105czy\u0107 niekt\u00f3re lub wszystkie pliki cookie, mo\u017cesz nie by\u0107 w stanie w pe\u0142ni korzysta\u0107 z naszych stron internetowych lub aplikacji mobilnych.<\/p>\n<p>Tam, gdzie wy\u015bwietlamy spersonalizowane reklamy w witrynach innych organizacji, zwykle wy\u015bwietlana jest ikona AdChoices. Klikni\u0119cie tej ikony zapewni szczeg\u00f3\u0142owe wskaz\u00f3wki dotycz\u0105ce kontrolowania preferencji dotycz\u0105cych reklam online.<\/p>\n<p><strong>Zmiany w niniejszej Informacji<\/strong><\/p>\n<p>Niniejsza Informacja zast\u0119puje wszystkie poprzednie wersje. Mo\u017cemy zmieni\u0107 niniejsz\u0105 Informacj\u0119 w dowolnym momencie, dlatego te\u017c prosimy o regularne sprawdzanie jej na naszych stronach internetowych w celu uzyskania aktualizacji. Je\u015bli zmiany b\u0119d\u0105 znacz\u0105ce, umie\u015bcimy widoczne powiadomienie na naszych stronach internetowych.<\/p>\n<p><strong>Ostatnia aktualizacja: 24 maja 2018 r.<\/strong><\/p>\n<p><strong>Wyja\u015bnienia:<\/strong><\/p>\n<p><strong>Analityka witryny<\/strong>: Analityka witryny, w tym Google Analytics, pomaga nam zrozumie\u0107, w jaki spos\u00f3b odwiedzaj\u0105cy korzystaj\u0105 z naszej witryny. Mo\u017cemy przegl\u0105da\u0107 r\u00f3\u017cne raporty dotycz\u0105ce interakcji odwiedzaj\u0105cych z nasz\u0105 witryn\u0105 internetow\u0105 i aplikacjami mobilnymi, aby mogli j\u0105 ulepsza\u0107.<\/p>\n<p>Analityka witryny wykorzystuje w\u0142asne pliki cookie do \u015bledzenia interakcji odwiedzaj\u0105cych, tak jak w naszym przypadku, gdzie s\u0105 one wykorzystywane do zbierania informacji o tym, jak odwiedzaj\u0105cy korzystaj\u0105 z naszej witryny i aplikacji mobilnych. Nast\u0119pnie wykorzystujemy te informacje do tworzenia raport\u00f3w i pomocy w udoskonalaniu naszej witryny.<\/p>\n<p>Przyk\u0142adowo, Google Analytics zbiera informacje anonimowo. Raportuje trendy w witrynie bez identyfikowania poszczeg\u00f3lnych odwiedzaj\u0105cych. Mo\u017cesz zrezygnowa\u0107 z Google Analytics bez wp\u0142ywu na spos\u00f3b, w jaki odwiedzasz nasz\u0105 witryn\u0119 \u2013 aby uzyska\u0107 wi\u0119cej informacji na temat rezygnacji ze \u015bledzenia przez Google Analytics we wszystkich witrynach, z kt\u00f3rych korzystasz, odwied\u017a\u00a0<a href=\"https:\/\/tools.google.com\/dlpage\/gaoptout\" target=\"_blank\" rel=\"noreferrer noopener\">Google<\/a>.<\/p>\n<p><strong>Reklama w Internecie<\/strong>: Komunikaty marketingowe, kt\u00f3re mo\u017cna zobaczy\u0107 w Internecie.[\/vc_column_text][\/vc_column][vc_column column_padding=&#8221;no-extra-padding&#8221; column_padding_tablet=&#8221;inherit&#8221; column_padding_phone=&#8221;inherit&#8221; column_padding_position=&#8221;all&#8221; column_element_direction_desktop=&#8221;default&#8221; column_element_spacing=&#8221;default&#8221; desktop_text_alignment=&#8221;default&#8221; tablet_text_alignment=&#8221;default&#8221; phone_text_alignment=&#8221;default&#8221; background_color_opacity=&#8221;1&#8243; background_hover_color_opacity=&#8221;1&#8243; column_backdrop_filter=&#8221;none&#8221; column_shadow=&#8221;none&#8221; column_border_radius=&#8221;none&#8221; column_link_target=&#8221;_self&#8221; column_position=&#8221;default&#8221; overflow=&#8221;default&#8221; gradient_direction=&#8221;left_to_right&#8221; overlay_strength=&#8221;0.3&#8243; width=&#8221;1\/12&#8243; tablet_width_inherit=&#8221;default&#8221; animation_type=&#8221;default&#8221; bg_image_animation=&#8221;none&#8221; border_type=&#8221;simple&#8221; column_border_width=&#8221;none&#8221; column_border_style=&#8221;solid&#8221; css=&#8221;.vc_custom_1573387304663{padding-right: 27px !important;padding-left: 27px !important;}&#8221;][\/vc_column][\/vc_row]\n","protected":false},"excerpt":{"rendered":"<p>[vc_row type=&#8221;in_container&#8221; full_screen_row_position=&#8221;middle&#8221; column_margin=&#8221;default&#8221; column_direction=&#8221;default&#8221; column_direction_tablet=&#8221;default&#8221; column_direction_phone=&#8221;default&#8221; scene_position=&#8221;center&#8221; text_color=&#8221;dark&#8221; text_align=&#8221;left&#8221; row_border_radius=&#8221;none&#8221; row_border_radius_applies=&#8221;bg&#8221; overflow=&#8221;default&#8221; overlay_strength=&#8221;0.3&#8243; gradient_direction=&#8221;left_to_right&#8221; shape_divider_position=&#8221;bottom&#8221; bg_image_animation=&#8221;none&#8221; full_width=&#8221;stretch_row&#8221; css=&#8221;.vc_custom_1573343415862{padding-top: 47px !important;padding-bottom: 47px !important;}&#8221;][vc_column column_padding=&#8221;no-extra-padding&#8221; column_padding_tablet=&#8221;inherit&#8221; column_padding_phone=&#8221;inherit&#8221; column_padding_position=&#8221;all&#8221; column_element_direction_desktop=&#8221;default&#8221; column_element_spacing=&#8221;default&#8221; desktop_text_alignment=&#8221;default&#8221;&#8230;<\/p>\n","protected":false},"author":8,"featured_media":0,"parent":0,"menu_order":0,"comment_status":"closed","ping_status":"closed","template":"","meta":{"footnotes":""},"class_list":["post-2373","page","type-page","status-publish"],"yoast_head":"<!-- This site is optimized with the Yoast SEO plugin v27.6 - https:\/\/yoast.com\/product\/yoast-seo-wordpress\/ -->\n<title>Educatius | Polityka cookies<\/title>\n<meta name=\"description\" content=\"U\u017cywamy plik\u00f3w cookies, aby Twoja wizyta na naszej stronie by\u0142a jak najbardziej przyjemna. Mo\u017cesz wy\u0142\u0105czy\u0107 t\u0119 funkcj\u0119 w ustawieniach swojej przegl\u0105darki.\" \/>\n<meta name=\"robots\" content=\"noindex, nofollow\" \/>\n<meta property=\"og:locale\" content=\"pl_PL\" \/>\n<meta property=\"og:type\" content=\"article\" \/>\n<meta property=\"og:title\" content=\"Educatius | Polityka cookies\" \/>\n<meta property=\"og:description\" content=\"U\u017cywamy plik\u00f3w cookies, aby Twoja wizyta na naszej stronie by\u0142a jak najbardziej przyjemna. Mo\u017cesz wy\u0142\u0105czy\u0107 t\u0119 funkcj\u0119 w ustawieniach swojej przegl\u0105darki.\" \/>\n<meta property=\"og:url\" content=\"https:\/\/internationalhighschoolfair.com\/pl\/cookies\/\" \/>\n<meta property=\"og:site_name\" content=\"International High School Fair\" \/>\n<meta property=\"article:modified_time\" content=\"2025-09-24T13:24:46+00:00\" \/>\n<meta name=\"twitter:card\" content=\"summary_large_image\" \/>\n<meta name=\"twitter:label1\" content=\"Szacowany czas czytania\" \/>\n\t<meta name=\"twitter:data1\" content=\"5 minut\" \/>\n<script type=\"application\/ld+json\" class=\"yoast-schema-graph\">{\"@context\":\"https:\\\/\\\/schema.org\",\"@graph\":[{\"@type\":\"WebPage\",\"@id\":\"https:\\\/\\\/internationalhighschoolfair.com\\\/pl\\\/cookies\\\/\",\"url\":\"https:\\\/\\\/internationalhighschoolfair.com\\\/pl\\\/cookies\\\/\",\"name\":\"Educatius | Polityka cookies\",\"isPartOf\":{\"@id\":\"https:\\\/\\\/internationalhighschoolfair.com\\\/pl\\\/#website\"},\"datePublished\":\"2019-11-22T11:41:33+00:00\",\"dateModified\":\"2025-09-24T13:24:46+00:00\",\"description\":\"U\u017cywamy plik\u00f3w cookies, aby Twoja wizyta na naszej stronie by\u0142a jak najbardziej przyjemna. Mo\u017cesz wy\u0142\u0105czy\u0107 t\u0119 funkcj\u0119 w ustawieniach swojej przegl\u0105darki.\",\"breadcrumb\":{\"@id\":\"https:\\\/\\\/internationalhighschoolfair.com\\\/pl\\\/cookies\\\/#breadcrumb\"},\"inLanguage\":\"pl-PL\",\"potentialAction\":[{\"@type\":\"ReadAction\",\"target\":[\"https:\\\/\\\/internationalhighschoolfair.com\\\/pl\\\/cookies\\\/\"]}]},{\"@type\":\"BreadcrumbList\",\"@id\":\"https:\\\/\\\/internationalhighschoolfair.com\\\/pl\\\/cookies\\\/#breadcrumb\",\"itemListElement\":[{\"@type\":\"ListItem\",\"position\":1,\"name\":\"Portada\",\"item\":\"https:\\\/\\\/internationalhighschoolfair.com\\\/pl\\\/\"},{\"@type\":\"ListItem\",\"position\":2,\"name\":\"Polityka cookies\"}]},{\"@type\":\"WebSite\",\"@id\":\"https:\\\/\\\/internationalhighschoolfair.com\\\/pl\\\/#website\",\"url\":\"https:\\\/\\\/internationalhighschoolfair.com\\\/pl\\\/\",\"name\":\"International High School Fair\",\"description\":\"International High School Fair de Midleton School y Get Ready en Madrid y Barcelona\",\"potentialAction\":[{\"@type\":\"SearchAction\",\"target\":{\"@type\":\"EntryPoint\",\"urlTemplate\":\"https:\\\/\\\/internationalhighschoolfair.com\\\/pl\\\/?s={search_term_string}\"},\"query-input\":{\"@type\":\"PropertyValueSpecification\",\"valueRequired\":true,\"valueName\":\"search_term_string\"}}],\"inLanguage\":\"pl-PL\"}]}<\/script>\n<!-- \/ Yoast SEO plugin. -->","yoast_head_json":{"title":"Educatius | Polityka cookies","description":"U\u017cywamy plik\u00f3w cookies, aby Twoja wizyta na naszej stronie by\u0142a jak najbardziej przyjemna. Mo\u017cesz wy\u0142\u0105czy\u0107 t\u0119 funkcj\u0119 w ustawieniach swojej przegl\u0105darki.","robots":{"index":"noindex","follow":"nofollow"},"og_locale":"pl_PL","og_type":"article","og_title":"Educatius | Polityka cookies","og_description":"U\u017cywamy plik\u00f3w cookies, aby Twoja wizyta na naszej stronie by\u0142a jak najbardziej przyjemna. Mo\u017cesz wy\u0142\u0105czy\u0107 t\u0119 funkcj\u0119 w ustawieniach swojej przegl\u0105darki.","og_url":"https:\/\/internationalhighschoolfair.com\/pl\/cookies\/","og_site_name":"International High School Fair","article_modified_time":"2025-09-24T13:24:46+00:00","twitter_card":"summary_large_image","twitter_misc":{"Szacowany czas czytania":"5 minut"},"schema":{"@context":"https:\/\/schema.org","@graph":[{"@type":"WebPage","@id":"https:\/\/internationalhighschoolfair.com\/pl\/cookies\/","url":"https:\/\/internationalhighschoolfair.com\/pl\/cookies\/","name":"Educatius | Polityka cookies","isPartOf":{"@id":"https:\/\/internationalhighschoolfair.com\/pl\/#website"},"datePublished":"2019-11-22T11:41:33+00:00","dateModified":"2025-09-24T13:24:46+00:00","description":"U\u017cywamy plik\u00f3w cookies, aby Twoja wizyta na naszej stronie by\u0142a jak najbardziej przyjemna. Mo\u017cesz wy\u0142\u0105czy\u0107 t\u0119 funkcj\u0119 w ustawieniach swojej przegl\u0105darki.","breadcrumb":{"@id":"https:\/\/internationalhighschoolfair.com\/pl\/cookies\/#breadcrumb"},"inLanguage":"pl-PL","potentialAction":[{"@type":"ReadAction","target":["https:\/\/internationalhighschoolfair.com\/pl\/cookies\/"]}]},{"@type":"BreadcrumbList","@id":"https:\/\/internationalhighschoolfair.com\/pl\/cookies\/#breadcrumb","itemListElement":[{"@type":"ListItem","position":1,"name":"Portada","item":"https:\/\/internationalhighschoolfair.com\/pl\/"},{"@type":"ListItem","position":2,"name":"Polityka cookies"}]},{"@type":"WebSite","@id":"https:\/\/internationalhighschoolfair.com\/pl\/#website","url":"https:\/\/internationalhighschoolfair.com\/pl\/","name":"International High School Fair","description":"International High School Fair de Midleton School y Get Ready en Madrid y Barcelona","potentialAction":[{"@type":"SearchAction","target":{"@type":"EntryPoint","urlTemplate":"https:\/\/internationalhighschoolfair.com\/pl\/?s={search_term_string}"},"query-input":{"@type":"PropertyValueSpecification","valueRequired":true,"valueName":"search_term_string"}}],"inLanguage":"pl-PL"}]}},"_links":{"self":[{"href":"https:\/\/internationalhighschoolfair.com\/pl\/wp-json\/wp\/v2\/pages\/2373","targetHints":{"allow":["GET"]}}],"collection":[{"href":"https:\/\/internationalhighschoolfair.com\/pl\/wp-json\/wp\/v2\/pages"}],"about":[{"href":"https:\/\/internationalhighschoolfair.com\/pl\/wp-json\/wp\/v2\/types\/page"}],"author":[{"embeddable":true,"href":"https:\/\/internationalhighschoolfair.com\/pl\/wp-json\/wp\/v2\/users\/8"}],"replies":[{"embeddable":true,"href":"https:\/\/internationalhighschoolfair.com\/pl\/wp-json\/wp\/v2\/comments?post=2373"}],"version-history":[{"count":5,"href":"https:\/\/internationalhighschoolfair.com\/pl\/wp-json\/wp\/v2\/pages\/2373\/revisions"}],"predecessor-version":[{"id":9681,"href":"https:\/\/internationalhighschoolfair.com\/pl\/wp-json\/wp\/v2\/pages\/2373\/revisions\/9681"}],"wp:attachment":[{"href":"https:\/\/internationalhighschoolfair.com\/pl\/wp-json\/wp\/v2\/media?parent=2373"}],"curies":[{"name":"wp","href":"https:\/\/api.w.org\/{rel}","templated":true}]}}